{"id":73097,"date":"2025-11-27T10:12:18","date_gmt":"2025-11-27T09:12:18","guid":{"rendered":"https:\/\/www.hirtenberg-apotheke.at\/katalog\/produkt\/nuxe-very-rose-creamy-foam-150-ml\/"},"modified":"2025-11-27T10:12:25","modified_gmt":"2025-11-27T09:12:25","slug":"nuxe-very-rose-creamy-foam-150-ml","status":"publish","type":"product","link":"https:\/\/www.hirtenberg-apotheke.at\/katalog\/produkt\/nuxe-very-rose-creamy-foam-150-ml\/","title":{"rendered":"Nuxe Very Rose creamy Foam 150 ml"},"content":{"rendered":"<p>Very Rose creamy Foam ist ein sanft reinigender und hautberuhigender Schaum f\u00fcr die t\u00e4gliche Anwendung im Gesichtsbereich. Er ist f\u00fcr alle Hauttypen geeignet, selbst f\u00fcr empfindliche.94 % der Wirkstoffe sind nat\u00fcrlichen Ursprungs.Diese zart schmelzende Mousse mit dem zarten Duft von Rosen reinigt die Haut sanft und beruhigt, wobei gleichzeitig ihr Gleichgewicht respektiert wird.Die Formulierung auf Basis von Rosenbl\u00fctenwasser eliminiert Unreinheiten, ohne die Haut auszutrocknen.Unter Wirkung dieser luftigen, cremigen Mousse wird die Haut frisch und gekl\u00e4rt.<\/p>\n","protected":false},"excerpt":{"rendered":"<p>Very Rose creamy Foam ist ein sanft reinigender und hautberuhigender Schaum f\u00fcr die t\u00e4gliche Anwendung im Gesichtsbereich. Er ist f\u00fcr alle Hauttypen geeignet, selbst f\u00fcr empfindliche.94 % der Wirkstoffe sind nat\u00fcrlichen Ursprungs.Diese zart schmelzende Mousse mit dem zarten Duft von Rosen reinigt die Haut sanft und beruhigt, wobei gleichzeitig ihr Gleichgewicht respektiert wird.Die Formulierung auf [&hellip;]<\/p>\n","protected":false},"featured_media":73099,"template":"","meta":{"_acf_changed":false},"product_brand":[720],"product_cat":[310],"product_tag":[],"class_list":{"0":"post-73097","1":"product","2":"type-product","3":"status-publish","4":"has-post-thumbnail","6":"product_brand-nuxe","7":"product_cat-n","8":"pa_packungsgroesse-150ml","10":"first","11":"instock","12":"shipping-taxable","13":"purchasable","14":"product-type-simple"},"acf":[],"_links":{"self":[{"href":"https:\/\/www.hirtenberg-apotheke.at\/katalog\/wp-json\/wp\/v2\/product\/73097","targetHints":{"allow":["GET"]}}],"collection":[{"href":"https:\/\/www.hirtenberg-apotheke.at\/katalog\/wp-json\/wp\/v2\/product"}],"about":[{"href":"https:\/\/www.hirtenberg-apotheke.at\/katalog\/wp-json\/wp\/v2\/types\/product"}],"wp:featuredmedia":[{"embeddable":true,"href":"https:\/\/www.hirtenberg-apotheke.at\/katalog\/wp-json\/wp\/v2\/media\/73099"}],"wp:attachment":[{"href":"https:\/\/www.hirtenberg-apotheke.at\/katalog\/wp-json\/wp\/v2\/media?parent=73097"}],"wp:term":[{"taxonomy":"product_brand","embeddable":true,"href":"https:\/\/www.hirtenberg-apotheke.at\/katalog\/wp-json\/wp\/v2\/product_brand?post=73097"},{"taxonomy":"product_cat","embeddable":true,"href":"https:\/\/www.hirtenberg-apotheke.at\/katalog\/wp-json\/wp\/v2\/product_cat?post=73097"},{"taxonomy":"product_tag","embeddable":true,"href":"https:\/\/www.hirtenberg-apotheke.at\/katalog\/wp-json\/wp\/v2\/product_tag?post=73097"}],"curies":[{"name":"wp","href":"https:\/\/api.w.org\/{rel}","templated":true}]}}