{"id":73204,"date":"2025-11-27T10:15:53","date_gmt":"2025-11-27T09:15:53","guid":{"rendered":"https:\/\/www.hirtenberg-apotheke.at\/katalog\/produkt\/burgit-fersensporen-druckschutz-2-stk\/"},"modified":"2025-11-27T10:16:12","modified_gmt":"2025-11-27T09:16:12","slug":"burgit-fersensporen-druckschutz-2-stk","status":"publish","type":"product","link":"https:\/\/www.hirtenberg-apotheke.at\/katalog\/produkt\/burgit-fersensporen-druckschutz-2-stk\/","title":{"rendered":"Burgit Fersensporen Druckschutz 2 Stk."},"content":{"rendered":"<p>Burgit Fersensporen Druckschutz sorgt f\u00fcr eine sofortige Schmerzlinderung, wirkt sto\u00dfd\u00e4mpfend und passt sich ideal an die Ferse an.<\/p>\n","protected":false},"excerpt":{"rendered":"<p>Burgit Fersensporen Druckschutz sorgt f\u00fcr eine sofortige Schmerzlinderung, wirkt sto\u00dfd\u00e4mpfend und passt sich ideal an die Ferse an.<\/p>\n","protected":false},"featured_media":73206,"template":"","meta":{"_acf_changed":false},"product_brand":[756],"product_cat":[292],"product_tag":[],"class_list":{"0":"post-73204","1":"product","2":"type-product","3":"status-publish","4":"has-post-thumbnail","6":"product_brand-burgit","7":"product_cat-b","8":"pa_packungsgroesse-2-stueck","10":"first","11":"instock","12":"shipping-taxable","13":"purchasable","14":"product-type-simple"},"acf":[],"_links":{"self":[{"href":"https:\/\/www.hirtenberg-apotheke.at\/katalog\/wp-json\/wp\/v2\/product\/73204","targetHints":{"allow":["GET"]}}],"collection":[{"href":"https:\/\/www.hirtenberg-apotheke.at\/katalog\/wp-json\/wp\/v2\/product"}],"about":[{"href":"https:\/\/www.hirtenberg-apotheke.at\/katalog\/wp-json\/wp\/v2\/types\/product"}],"wp:featuredmedia":[{"embeddable":true,"href":"https:\/\/www.hirtenberg-apotheke.at\/katalog\/wp-json\/wp\/v2\/media\/73206"}],"wp:attachment":[{"href":"https:\/\/www.hirtenberg-apotheke.at\/katalog\/wp-json\/wp\/v2\/media?parent=73204"}],"wp:term":[{"taxonomy":"product_brand","embeddable":true,"href":"https:\/\/www.hirtenberg-apotheke.at\/katalog\/wp-json\/wp\/v2\/product_brand?post=73204"},{"taxonomy":"product_cat","embeddable":true,"href":"https:\/\/www.hirtenberg-apotheke.at\/katalog\/wp-json\/wp\/v2\/product_cat?post=73204"},{"taxonomy":"product_tag","embeddable":true,"href":"https:\/\/www.hirtenberg-apotheke.at\/katalog\/wp-json\/wp\/v2\/product_tag?post=73204"}],"curies":[{"name":"wp","href":"https:\/\/api.w.org\/{rel}","templated":true}]}}