{"id":73522,"date":"2025-11-27T10:22:53","date_gmt":"2025-11-27T09:22:53","guid":{"rendered":"https:\/\/www.hirtenberg-apotheke.at\/katalog\/produkt\/burgerstein-vitamin-d3-2000-i-e-kapseln-30-stk\/"},"modified":"2025-11-27T10:23:02","modified_gmt":"2025-11-27T09:23:02","slug":"burgerstein-vitamin-d3-2000-i-e-kapseln-30-stk","status":"publish","type":"product","link":"https:\/\/www.hirtenberg-apotheke.at\/katalog\/produkt\/burgerstein-vitamin-d3-2000-i-e-kapseln-30-stk\/","title":{"rendered":"Burgerstein Vitamin D3 2000 I.E. Kapseln 30 Stk."},"content":{"rendered":"<p>Vitamin D tr\u00e4gt zur Aufnahme von Kalzium sowie zur normalen Funktion des Immunsystems bei. Ausserdem unterst\u00fctzt es bei Erwachsen die Erhaltung normaler Knochen und der normalen Muskelfunktion. Bei Kindern wird Vitamin D f\u00fcr ein gesundes Wachstum und eine gesunde Entwicklung der Knochen ben\u00f6tigt<\/p>\n","protected":false},"excerpt":{"rendered":"<p>Vitamin D tr\u00e4gt zur Aufnahme von Kalzium sowie zur normalen Funktion des Immunsystems bei. Ausserdem unterst\u00fctzt es bei Erwachsen die Erhaltung normaler Knochen und der normalen Muskelfunktion. Bei Kindern wird Vitamin D f\u00fcr ein gesundes Wachstum und eine gesunde Entwicklung der Knochen ben\u00f6tigt<\/p>\n","protected":false},"featured_media":73524,"template":"","meta":{"_acf_changed":false},"product_brand":[422],"product_cat":[292],"product_tag":[],"class_list":{"0":"post-73522","1":"product","2":"type-product","3":"status-publish","4":"has-post-thumbnail","6":"product_brand-burgerstein","7":"product_cat-b","8":"pa_packungsgroesse-30-stueck","10":"first","11":"instock","12":"shipping-taxable","13":"purchasable","14":"product-type-simple"},"acf":[],"_links":{"self":[{"href":"https:\/\/www.hirtenberg-apotheke.at\/katalog\/wp-json\/wp\/v2\/product\/73522","targetHints":{"allow":["GET"]}}],"collection":[{"href":"https:\/\/www.hirtenberg-apotheke.at\/katalog\/wp-json\/wp\/v2\/product"}],"about":[{"href":"https:\/\/www.hirtenberg-apotheke.at\/katalog\/wp-json\/wp\/v2\/types\/product"}],"wp:featuredmedia":[{"embeddable":true,"href":"https:\/\/www.hirtenberg-apotheke.at\/katalog\/wp-json\/wp\/v2\/media\/73524"}],"wp:attachment":[{"href":"https:\/\/www.hirtenberg-apotheke.at\/katalog\/wp-json\/wp\/v2\/media?parent=73522"}],"wp:term":[{"taxonomy":"product_brand","embeddable":true,"href":"https:\/\/www.hirtenberg-apotheke.at\/katalog\/wp-json\/wp\/v2\/product_brand?post=73522"},{"taxonomy":"product_cat","embeddable":true,"href":"https:\/\/www.hirtenberg-apotheke.at\/katalog\/wp-json\/wp\/v2\/product_cat?post=73522"},{"taxonomy":"product_tag","embeddable":true,"href":"https:\/\/www.hirtenberg-apotheke.at\/katalog\/wp-json\/wp\/v2\/product_tag?post=73522"}],"curies":[{"name":"wp","href":"https:\/\/api.w.org\/{rel}","templated":true}]}}