{"id":73548,"date":"2025-11-27T10:23:33","date_gmt":"2025-11-27T09:23:33","guid":{"rendered":"https:\/\/www.hirtenberg-apotheke.at\/katalog\/produkt\/farfalla-aetherisches-oel-kba-cajeput\/"},"modified":"2025-11-27T10:23:54","modified_gmt":"2025-11-27T09:23:54","slug":"farfalla-aetherisches-oel-kba-cajeput","status":"publish","type":"product","link":"https:\/\/www.hirtenberg-apotheke.at\/katalog\/produkt\/farfalla-aetherisches-oel-kba-cajeput\/","title":{"rendered":"Farfalla \u00e4therisches \u00d6l kbA Cajeput"},"content":{"rendered":"<p>Farfalla \u00c4therisches \u00d6l kbA Cajeput hilft bei winterlichen Unp\u00e4sslichkeiten und sorgt f\u00fcr freien Atem. Eine typische Winteressenz zum Kl\u00e4ren und L\u00f6sen sowie zum Reinigen von Wohnr\u00e4umen und f\u00fcr die Sauna. Nicht zur Einnahme bestimmt!.<\/p>\n","protected":false},"excerpt":{"rendered":"<p>Farfalla \u00c4therisches \u00d6l kbA Cajeput hilft bei winterlichen Unp\u00e4sslichkeiten und sorgt f\u00fcr freien Atem. Eine typische Winteressenz zum Kl\u00e4ren und L\u00f6sen sowie zum Reinigen von Wohnr\u00e4umen und f\u00fcr die Sauna. Nicht zur Einnahme bestimmt!.<\/p>\n","protected":false},"featured_media":73550,"template":"","meta":{"_acf_changed":false},"product_brand":[1343],"product_cat":[322],"product_tag":[],"class_list":{"0":"post-73548","1":"product","2":"type-product","3":"status-publish","4":"has-post-thumbnail","6":"product_brand-farfalla","7":"product_cat-f","8":"pa_packungsgroesse-10ml","10":"first","11":"instock","12":"shipping-taxable","13":"purchasable","14":"product-type-simple"},"acf":[],"_links":{"self":[{"href":"https:\/\/www.hirtenberg-apotheke.at\/katalog\/wp-json\/wp\/v2\/product\/73548","targetHints":{"allow":["GET"]}}],"collection":[{"href":"https:\/\/www.hirtenberg-apotheke.at\/katalog\/wp-json\/wp\/v2\/product"}],"about":[{"href":"https:\/\/www.hirtenberg-apotheke.at\/katalog\/wp-json\/wp\/v2\/types\/product"}],"wp:featuredmedia":[{"embeddable":true,"href":"https:\/\/www.hirtenberg-apotheke.at\/katalog\/wp-json\/wp\/v2\/media\/73550"}],"wp:attachment":[{"href":"https:\/\/www.hirtenberg-apotheke.at\/katalog\/wp-json\/wp\/v2\/media?parent=73548"}],"wp:term":[{"taxonomy":"product_brand","embeddable":true,"href":"https:\/\/www.hirtenberg-apotheke.at\/katalog\/wp-json\/wp\/v2\/product_brand?post=73548"},{"taxonomy":"product_cat","embeddable":true,"href":"https:\/\/www.hirtenberg-apotheke.at\/katalog\/wp-json\/wp\/v2\/product_cat?post=73548"},{"taxonomy":"product_tag","embeddable":true,"href":"https:\/\/www.hirtenberg-apotheke.at\/katalog\/wp-json\/wp\/v2\/product_tag?post=73548"}],"curies":[{"name":"wp","href":"https:\/\/api.w.org\/{rel}","templated":true}]}}