{"id":73551,"date":"2025-11-27T10:23:33","date_gmt":"2025-11-27T09:23:33","guid":{"rendered":"https:\/\/www.hirtenberg-apotheke.at\/katalog\/produkt\/farfalla-aetherisches-oel-eukalyptus-globulus-bio-wildsammlung\/"},"modified":"2025-11-27T10:24:04","modified_gmt":"2025-11-27T09:24:04","slug":"farfalla-aetherisches-oel-eukalyptus-globulus-bio-wildsammlung","status":"publish","type":"product","link":"https:\/\/www.hirtenberg-apotheke.at\/katalog\/produkt\/farfalla-aetherisches-oel-eukalyptus-globulus-bio-wildsammlung\/","title":{"rendered":"Farfalla \u00e4therisches \u00d6l Eukalyptus globulus bio Wildsammlung"},"content":{"rendered":"<p>Farfalla \u00c4therisches \u00d6l Gl Eukalyptus hilft bei Antriebslosigkeit und winterlichen Unp\u00e4sslichkeiten. Das \u00d6l sorgt zudem f\u00fcr Energie, Konzentration, keimfreie Raumluft und freies Durchatmen. Ein typisches \u00e4therisches \u00d6l f\u00fcr den Winter und die Sauna, sehr luftreinigend, erfrischend und belebend. Nicht zur Einnahme bestimmt!.<\/p>\n","protected":false},"excerpt":{"rendered":"<p>Farfalla \u00c4therisches \u00d6l Gl Eukalyptus hilft bei Antriebslosigkeit und winterlichen Unp\u00e4sslichkeiten. Das \u00d6l sorgt zudem f\u00fcr Energie, Konzentration, keimfreie Raumluft und freies Durchatmen. Ein typisches \u00e4therisches \u00d6l f\u00fcr den Winter und die Sauna, sehr luftreinigend, erfrischend und belebend. Nicht zur Einnahme bestimmt!.<\/p>\n","protected":false},"featured_media":0,"template":"","meta":{"_acf_changed":false},"product_brand":[1343],"product_cat":[322],"product_tag":[],"class_list":{"0":"post-73551","1":"product","2":"type-product","3":"status-publish","5":"product_brand-farfalla","6":"product_cat-f","7":"pa_packungsgroesse-10ml","9":"first","10":"instock","11":"shipping-taxable","12":"purchasable","13":"product-type-simple"},"acf":[],"_links":{"self":[{"href":"https:\/\/www.hirtenberg-apotheke.at\/katalog\/wp-json\/wp\/v2\/product\/73551","targetHints":{"allow":["GET"]}}],"collection":[{"href":"https:\/\/www.hirtenberg-apotheke.at\/katalog\/wp-json\/wp\/v2\/product"}],"about":[{"href":"https:\/\/www.hirtenberg-apotheke.at\/katalog\/wp-json\/wp\/v2\/types\/product"}],"wp:attachment":[{"href":"https:\/\/www.hirtenberg-apotheke.at\/katalog\/wp-json\/wp\/v2\/media?parent=73551"}],"wp:term":[{"taxonomy":"product_brand","embeddable":true,"href":"https:\/\/www.hirtenberg-apotheke.at\/katalog\/wp-json\/wp\/v2\/product_brand?post=73551"},{"taxonomy":"product_cat","embeddable":true,"href":"https:\/\/www.hirtenberg-apotheke.at\/katalog\/wp-json\/wp\/v2\/product_cat?post=73551"},{"taxonomy":"product_tag","embeddable":true,"href":"https:\/\/www.hirtenberg-apotheke.at\/katalog\/wp-json\/wp\/v2\/product_tag?post=73551"}],"curies":[{"name":"wp","href":"https:\/\/api.w.org\/{rel}","templated":true}]}}