{"id":73555,"date":"2025-11-27T10:23:33","date_gmt":"2025-11-27T09:23:33","guid":{"rendered":"https:\/\/www.hirtenberg-apotheke.at\/katalog\/produkt\/farfalla-aetherisches-oel-lavendel-fein-bio\/"},"modified":"2025-11-27T10:24:10","modified_gmt":"2025-11-27T09:24:10","slug":"farfalla-aetherisches-oel-lavendel-fein-bio","status":"publish","type":"product","link":"https:\/\/www.hirtenberg-apotheke.at\/katalog\/produkt\/farfalla-aetherisches-oel-lavendel-fein-bio\/","title":{"rendered":"Farfalla \u00e4therisches \u00d6l Lavendel fein bio"},"content":{"rendered":"<p>Farfalla \u00c4therisches \u00d6l kbA Lavendel hilft bei Anspannung, Gedankenkarussell und Hautproblemen. Es sorgt zudem f\u00fcr Entspannung, Harmonie und guten Schlaf. Die Bio-Lavendelessenz wird von Menschen mit schlechtem Schlaf gesch\u00e4tzt. Nicht zur Einnahme bestimmt!.<\/p>\n","protected":false},"excerpt":{"rendered":"<p>Farfalla \u00c4therisches \u00d6l kbA Lavendel hilft bei Anspannung, Gedankenkarussell und Hautproblemen. Es sorgt zudem f\u00fcr Entspannung, Harmonie und guten Schlaf. Die Bio-Lavendelessenz wird von Menschen mit schlechtem Schlaf gesch\u00e4tzt. Nicht zur Einnahme bestimmt!.<\/p>\n","protected":false},"featured_media":73557,"template":"","meta":{"_acf_changed":false},"product_brand":[1343],"product_cat":[322],"product_tag":[],"class_list":{"0":"post-73555","1":"product","2":"type-product","3":"status-publish","4":"has-post-thumbnail","6":"product_brand-farfalla","7":"product_cat-f","8":"pa_packungsgroesse-10ml","10":"first","11":"instock","12":"shipping-taxable","13":"purchasable","14":"product-type-simple"},"acf":[],"_links":{"self":[{"href":"https:\/\/www.hirtenberg-apotheke.at\/katalog\/wp-json\/wp\/v2\/product\/73555","targetHints":{"allow":["GET"]}}],"collection":[{"href":"https:\/\/www.hirtenberg-apotheke.at\/katalog\/wp-json\/wp\/v2\/product"}],"about":[{"href":"https:\/\/www.hirtenberg-apotheke.at\/katalog\/wp-json\/wp\/v2\/types\/product"}],"wp:featuredmedia":[{"embeddable":true,"href":"https:\/\/www.hirtenberg-apotheke.at\/katalog\/wp-json\/wp\/v2\/media\/73557"}],"wp:attachment":[{"href":"https:\/\/www.hirtenberg-apotheke.at\/katalog\/wp-json\/wp\/v2\/media?parent=73555"}],"wp:term":[{"taxonomy":"product_brand","embeddable":true,"href":"https:\/\/www.hirtenberg-apotheke.at\/katalog\/wp-json\/wp\/v2\/product_brand?post=73555"},{"taxonomy":"product_cat","embeddable":true,"href":"https:\/\/www.hirtenberg-apotheke.at\/katalog\/wp-json\/wp\/v2\/product_cat?post=73555"},{"taxonomy":"product_tag","embeddable":true,"href":"https:\/\/www.hirtenberg-apotheke.at\/katalog\/wp-json\/wp\/v2\/product_tag?post=73555"}],"curies":[{"name":"wp","href":"https:\/\/api.w.org\/{rel}","templated":true}]}}