{"id":73568,"date":"2025-11-27T10:24:09","date_gmt":"2025-11-27T09:24:09","guid":{"rendered":"https:\/\/www.hirtenberg-apotheke.at\/katalog\/produkt\/farfalla-aetherisches-oel-rose-bulgarienselektion-bio\/"},"modified":"2025-11-27T10:24:25","modified_gmt":"2025-11-27T09:24:25","slug":"farfalla-aetherisches-oel-rose-bulgarienselektion-bio","status":"publish","type":"product","link":"https:\/\/www.hirtenberg-apotheke.at\/katalog\/produkt\/farfalla-aetherisches-oel-rose-bulgarienselektion-bio\/","title":{"rendered":"Farfalla \u00e4therisches \u00d6l Rose Bulgarienselektion bio"},"content":{"rendered":"<p>Farfalla \u00c4therisches \u00d6l Rose Bulgara pflegt die trockene, empfindliche Haut und wirkt verj\u00fcngend. Die 10-prozentige Verd\u00fcnnung der Rose eignet sich f\u00fcr die Duftlampe pur als Parfum. Nicht zur Einnahme bestimmt!<\/p>\n","protected":false},"excerpt":{"rendered":"<p>Farfalla \u00c4therisches \u00d6l Rose Bulgara pflegt die trockene, empfindliche Haut und wirkt verj\u00fcngend. Die 10-prozentige Verd\u00fcnnung der Rose eignet sich f\u00fcr die Duftlampe pur als Parfum. Nicht zur Einnahme bestimmt!<\/p>\n","protected":false},"featured_media":73570,"template":"","meta":{"_acf_changed":false},"product_brand":[1343],"product_cat":[322],"product_tag":[],"class_list":{"0":"post-73568","1":"product","2":"type-product","3":"status-publish","4":"has-post-thumbnail","6":"product_brand-farfalla","7":"product_cat-f","8":"pa_packungsgroesse-5ml","10":"first","11":"instock","12":"shipping-taxable","13":"purchasable","14":"product-type-simple"},"acf":[],"_links":{"self":[{"href":"https:\/\/www.hirtenberg-apotheke.at\/katalog\/wp-json\/wp\/v2\/product\/73568","targetHints":{"allow":["GET"]}}],"collection":[{"href":"https:\/\/www.hirtenberg-apotheke.at\/katalog\/wp-json\/wp\/v2\/product"}],"about":[{"href":"https:\/\/www.hirtenberg-apotheke.at\/katalog\/wp-json\/wp\/v2\/types\/product"}],"wp:featuredmedia":[{"embeddable":true,"href":"https:\/\/www.hirtenberg-apotheke.at\/katalog\/wp-json\/wp\/v2\/media\/73570"}],"wp:attachment":[{"href":"https:\/\/www.hirtenberg-apotheke.at\/katalog\/wp-json\/wp\/v2\/media?parent=73568"}],"wp:term":[{"taxonomy":"product_brand","embeddable":true,"href":"https:\/\/www.hirtenberg-apotheke.at\/katalog\/wp-json\/wp\/v2\/product_brand?post=73568"},{"taxonomy":"product_cat","embeddable":true,"href":"https:\/\/www.hirtenberg-apotheke.at\/katalog\/wp-json\/wp\/v2\/product_cat?post=73568"},{"taxonomy":"product_tag","embeddable":true,"href":"https:\/\/www.hirtenberg-apotheke.at\/katalog\/wp-json\/wp\/v2\/product_tag?post=73568"}],"curies":[{"name":"wp","href":"https:\/\/api.w.org\/{rel}","templated":true}]}}