{"id":73571,"date":"2025-11-27T10:24:09","date_gmt":"2025-11-27T09:24:09","guid":{"rendered":"https:\/\/www.hirtenberg-apotheke.at\/katalog\/produkt\/farfalla-aetherisches-oel-teebaum-bio-grand-cru\/"},"modified":"2025-11-27T10:24:31","modified_gmt":"2025-11-27T09:24:31","slug":"farfalla-aetherisches-oel-teebaum-bio-grand-cru","status":"publish","type":"product","link":"https:\/\/www.hirtenberg-apotheke.at\/katalog\/produkt\/farfalla-aetherisches-oel-teebaum-bio-grand-cru\/","title":{"rendered":"Farfalla \u00e4therisches \u00d6l Teebaum bio Grand Cru"},"content":{"rendered":"<p>Farfalla \u00c4therisches \u00d6l Teebaum Bush ist ein \u00e4therisches \u00d6l aus Wildsammlung. Es zeichnet sich durch die hervorragende Hautvertr\u00e4glichkeit aus. Nicht zur Einnahme bestimmt!.<\/p>\n","protected":false},"excerpt":{"rendered":"<p>Farfalla \u00c4therisches \u00d6l Teebaum Bush ist ein \u00e4therisches \u00d6l aus Wildsammlung. Es zeichnet sich durch die hervorragende Hautvertr\u00e4glichkeit aus. Nicht zur Einnahme bestimmt!.<\/p>\n","protected":false},"featured_media":73573,"template":"","meta":{"_acf_changed":false},"product_brand":[1343],"product_cat":[322],"product_tag":[],"class_list":{"0":"post-73571","1":"product","2":"type-product","3":"status-publish","4":"has-post-thumbnail","6":"product_brand-farfalla","7":"product_cat-f","8":"pa_packungsgroesse-10ml","10":"first","11":"instock","12":"shipping-taxable","13":"purchasable","14":"product-type-simple"},"acf":[],"_links":{"self":[{"href":"https:\/\/www.hirtenberg-apotheke.at\/katalog\/wp-json\/wp\/v2\/product\/73571","targetHints":{"allow":["GET"]}}],"collection":[{"href":"https:\/\/www.hirtenberg-apotheke.at\/katalog\/wp-json\/wp\/v2\/product"}],"about":[{"href":"https:\/\/www.hirtenberg-apotheke.at\/katalog\/wp-json\/wp\/v2\/types\/product"}],"wp:featuredmedia":[{"embeddable":true,"href":"https:\/\/www.hirtenberg-apotheke.at\/katalog\/wp-json\/wp\/v2\/media\/73573"}],"wp:attachment":[{"href":"https:\/\/www.hirtenberg-apotheke.at\/katalog\/wp-json\/wp\/v2\/media?parent=73571"}],"wp:term":[{"taxonomy":"product_brand","embeddable":true,"href":"https:\/\/www.hirtenberg-apotheke.at\/katalog\/wp-json\/wp\/v2\/product_brand?post=73571"},{"taxonomy":"product_cat","embeddable":true,"href":"https:\/\/www.hirtenberg-apotheke.at\/katalog\/wp-json\/wp\/v2\/product_cat?post=73571"},{"taxonomy":"product_tag","embeddable":true,"href":"https:\/\/www.hirtenberg-apotheke.at\/katalog\/wp-json\/wp\/v2\/product_tag?post=73571"}],"curies":[{"name":"wp","href":"https:\/\/api.w.org\/{rel}","templated":true}]}}