{"id":7403,"date":"2025-11-25T13:28:14","date_gmt":"2025-11-25T12:28:14","guid":{"rendered":"https:\/\/www.hirtenberg-apotheke.at\/katalog\/produkt\/macusan-tabletten-30-stk\/"},"modified":"2025-11-25T13:28:43","modified_gmt":"2025-11-25T12:28:43","slug":"macusan-tabletten-30-stk","status":"publish","type":"product","link":"https:\/\/www.hirtenberg-apotheke.at\/katalog\/produkt\/macusan-tabletten-30-stk\/","title":{"rendered":"Macusan Tabletten 30 Stk."},"content":{"rendered":"<p>Macusan Tabletten enthalten eine sorgf\u00e4ltig abgestimmte Zusammensetzung, um die Ern\u00e4hrung mit wichtigen Vitaminen, Spurenelementen sowie einem Carotinoid und einem Pflanzenextrakt zu erg\u00e4nzen. Lutein fungiert als Lichtfilter und sch\u00fctzt das Auge vor den sch\u00e4dlichen Sonnenstrahlen.<\/p>\n","protected":false},"excerpt":{"rendered":"<p>Macusan Tabletten enthalten eine sorgf\u00e4ltig abgestimmte Zusammensetzung, um die Ern\u00e4hrung mit wichtigen Vitaminen, Spurenelementen sowie einem Carotinoid und einem Pflanzenextrakt zu erg\u00e4nzen. Lutein fungiert als Lichtfilter und sch\u00fctzt das Auge vor den sch\u00e4dlichen Sonnenstrahlen.<\/p>\n","protected":false},"featured_media":7405,"template":"","meta":{"_acf_changed":false},"product_brand":[],"product_cat":[308],"product_tag":[],"class_list":{"0":"post-7403","1":"product","2":"type-product","3":"status-publish","4":"has-post-thumbnail","6":"product_cat-m","7":"pa_packungsgroesse-30-stueck","9":"first","10":"instock","11":"shipping-taxable","12":"purchasable","13":"product-type-simple"},"acf":[],"_links":{"self":[{"href":"https:\/\/www.hirtenberg-apotheke.at\/katalog\/wp-json\/wp\/v2\/product\/7403","targetHints":{"allow":["GET"]}}],"collection":[{"href":"https:\/\/www.hirtenberg-apotheke.at\/katalog\/wp-json\/wp\/v2\/product"}],"about":[{"href":"https:\/\/www.hirtenberg-apotheke.at\/katalog\/wp-json\/wp\/v2\/types\/product"}],"wp:featuredmedia":[{"embeddable":true,"href":"https:\/\/www.hirtenberg-apotheke.at\/katalog\/wp-json\/wp\/v2\/media\/7405"}],"wp:attachment":[{"href":"https:\/\/www.hirtenberg-apotheke.at\/katalog\/wp-json\/wp\/v2\/media?parent=7403"}],"wp:term":[{"taxonomy":"product_brand","embeddable":true,"href":"https:\/\/www.hirtenberg-apotheke.at\/katalog\/wp-json\/wp\/v2\/product_brand?post=7403"},{"taxonomy":"product_cat","embeddable":true,"href":"https:\/\/www.hirtenberg-apotheke.at\/katalog\/wp-json\/wp\/v2\/product_cat?post=7403"},{"taxonomy":"product_tag","embeddable":true,"href":"https:\/\/www.hirtenberg-apotheke.at\/katalog\/wp-json\/wp\/v2\/product_tag?post=7403"}],"curies":[{"name":"wp","href":"https:\/\/api.w.org\/{rel}","templated":true}]}}