{"id":74225,"date":"2025-11-27T10:38:28","date_gmt":"2025-11-27T09:38:28","guid":{"rendered":"https:\/\/www.hirtenberg-apotheke.at\/katalog\/produkt\/dr-boehm-kuerbis-fuer-die-frau-2\/"},"modified":"2025-11-27T10:39:23","modified_gmt":"2025-11-27T09:39:23","slug":"dr-boehm-kuerbis-fuer-die-frau-2","status":"publish","type":"product","link":"https:\/\/www.hirtenberg-apotheke.at\/katalog\/produkt\/dr-boehm-kuerbis-fuer-die-frau-2\/","title":{"rendered":"Dr. B\u00f6hm K\u00fcrbis f\u00fcr die Frau"},"content":{"rendered":"<p><strong>Zur Unterst&uuml;tzung der Blasenfunktion<\/strong><\/p>\n<ul>\n<li>Bei Blasenschw&auml;che<\/li>\n<li>Hochkonzentrierter K&uuml;rbis-Extrakt zur Unterst&uuml;tzung der Blasenfunktion<\/li>\n<li>Soja-Isoflavone unterst&uuml;tzen die weibliche Balance<\/li>\n<li>Frei von Lactose, Hefe und Gelatine. Glutenfrei.<\/li>\n<li>F&uuml;r Vegetarier geeignet.<\/li>\n<li>Qualit&auml;t aus &Ouml;sterreich.<\/li>\n<\/ul>\n<p><strong>WAS TUN, WENN DIE BLASE SICH DAUERND MELDET?<\/strong><\/p>\n<p>Er ist unsichtbar, vielfach untersch&auml;tzt und doch eine der wichtigsten Muskelgruppen des K&ouml;rpers: Der Beckenboden &uuml;bernimmt eine wichtige Funktion im weiblichen K&ouml;rper, denn er fungiert wie eine nat&uuml;rliche Haltevorrichtigung f&uuml;r die inneren Organe wie Blase, Darm und Geb&auml;rmutter. Im Laufe des Lebens kann der Beckenboden durch unterschiedlichste &auml;u&szlig;ere Einfl&uuml;sse Schw&auml;che zeigen und das hat mitunter direkte Auswirkungen auf die Blasenfunktion.<\/p>\n<p><strong>BLASENSCHW&Auml;CHE &ndash; EIN THEMA, DAS VIELE FRAUEN BESCH&Auml;FTIGT<\/strong><\/p>\n<p>Ist der Beckenboden etwa durch Schwangerschaft und Geburt sehr beansprucht, kann er den Schlie&szlig;muskel der Harnr&ouml;hre nicht mehr optimal unterst&uuml;tzen. Was dann passiert, besch&auml;ftigt viele Frauen: Die Blase meldet sich unaufh&ouml;rlich, manchmal macht sich der Harnfluss ohne Vorwarnung selbstst&auml;ndig. Speziell bei k&ouml;rperlicher Anstrengung, wie beim Heben und Treppensteigen, oft aber auch ganz einfach beim Lachen, Husten oder Niesen kann das vorkommen. F&uuml;r die Betroffenen ist das nat&uuml;rlich unangenehm und l&auml;stig, die Lebensqualit&auml;t leidet.<\/p>\n<p><strong>JEDE 3. FRAU AB 60 BETROFFEN<\/strong><\/p>\n<p>Mit zunehmendem Alter oder bedingt durch hormonelle Ver&auml;nderungen kann sich die Situation zuspitzen &ndash; jede dritte Frau ab 60 Jahren in &Ouml;sterreich muss sich mit dem Beckenboden und der Blasenfunktion auseinandersetzen, weil Unterw&auml;sche und Kleidung h&auml;ufig nass werden. Kein Wunder also, dass viele Frauen sich nach einer nat&uuml;rlichen Unterst&uuml;tzung sehnen.<\/p>\n<p><strong>SIE M&Uuml;SSEN NICHT AUF DEM TROCKENEN SITZEN, ABER SIE K&Ouml;NNEN!<\/strong><\/p>\n<p>Studien zeigen, dass die wasserl&ouml;slichen Inhaltsstoffe aus dem Steirischen &Ouml;lk&uuml;rbis besonders wertvoll sind, weil sie die Blasenfunktion und einen normalen Harnfluss unterst&uuml;tzen.<\/p>\n<p>Dr. B&ouml;hm&reg; K&uuml;rbis f&uuml;r die Frau enth&auml;lt einen 20-fach konzentrierten Extrakt aus steirischen K&uuml;rbiskernen. Bereits eine Tablette unterst&uuml;tzt Sie mit den wertvollen Inhaltsstoffen von 40 K&uuml;rbiskernen. Als zus&auml;tzliche Erg&auml;nzung enth&auml;lt Dr. B&ouml;hm&reg; K&uuml;rbis f&uuml;r die Frau Isoflavone aus gentechnikfreiem Soja. Diese hochwertigen Pflanzeninhaltsstoffe unterst&uuml;tzen die weibliche Balance und das Wohlbefinden.<\/p>\n<p><strong>Inhaltsstoffe:<\/strong><\/p>\n<p><strong>K&uuml;rbiskern-Extrakt<\/strong><\/p>\n<p>Der in Dr. B&ouml;hm&reg;&nbsp;K&uuml;rbis f&uuml;r die Frau enthaltene K&uuml;rbiskern-Extrakt unterst&uuml;tzt die Blasenfunktion und die Beckenbodenmuskulatur. Die Unterst&uuml;tzung bei unfreiwilligem Harnverlust ist durch Studien wissenschaftlich belegt. Bei Frauen (35-84 Jahre) konnten die t&auml;glichen Vorkommnisse von unfreiwilligem Harnverlust nach einer zweiw&ouml;chigen Anwendung um 41% und nach sechs Wochen sogar um 68% verringert werden.1<\/p>\n<p>Verringerung der t&auml;glichen unfreiwilligen Harnverluste<\/p>\n<p>Die positive Wirkung der K&uuml;rbiskerne auf die Blase ist in der Volksmedizin schon seit mehreren Jahrhunderten bekannt. Seit Beginn des 20. Jahrhunderts wird haupts&auml;chlich in der Steiermark eine spezielle K&uuml;rbisart (Cucurbita pepo styriaca) angebaut. Die Verwendung ihrer Kerne zur Unterst&uuml;tzung der Blasenfunktion gilt als wissenschaftlich anerkannt.<\/p>\n<p><strong>Zusammensetzung:<\/strong><\/p>\n<p>1 Tablette enth&auml;lt:<\/p>\n<table>\n<tbody>\n<tr>\n<td>Steirischer K&uuml;rbiskern-Extrakt<\/td>\n<td>400 mg<\/td>\n<\/tr>\n<tr>\n<td>Soja-Extrakt<\/td>\n<td>30 mg<\/td>\n<\/tr>\n<\/tbody>\n<\/table>\n<p>&nbsp;<\/p>\n<p>Frei von Lactose, Hefe und Gelatine. Glutenfrei.<br \/>F&uuml;r Vegetarier geeignet.<br \/>1 Tablette enth&auml;lt 0,02 BE.<\/p>\n<p><strong>Anwendung:<\/strong><\/p>\n<p>W&auml;hrend der ersten 2-4 Wochen soll 2 x t&auml;glich (morgens und abends) je 1 Tablette unzerkaut mit etwas Fl&uuml;ssigkeit unabh&auml;ngig von der Mahlzeit eingenommen werden. Anschlie&szlig;end wird die Einnahme von 1 Tablette am besten vor der Nachtruhe &uuml;ber einen l&auml;ngeren Zeitraum (mindestens 3 Monate) empfohlen. Bei Bedarf k&ouml;nnen l&auml;ngerfristig auch 2 Tabletten eingenommen werden.<\/p>\n<p><strong>&nbsp;<\/strong><\/p>\n","protected":false},"excerpt":{"rendered":"<p>Zur Unterst&uuml;tzung der Blasenfunktion Bei Blasenschw&auml;che Hochkonzentrierter K&uuml;rbis-Extrakt zur Unterst&uuml;tzung der Blasenfunktion Soja-Isoflavone unterst&uuml;tzen die weibliche Balance Frei von Lactose, Hefe und Gelatine. Glutenfrei. F&uuml;r Vegetarier geeignet. Qualit&auml;t aus &Ouml;sterreich. WAS TUN, WENN DIE BLASE SICH DAUERND MELDET? Er ist unsichtbar, vielfach untersch&auml;tzt und doch eine der wichtigsten Muskelgruppen des K&ouml;rpers: Der Beckenboden &uuml;bernimmt eine [&hellip;]<\/p>\n","protected":false},"featured_media":74227,"template":"","meta":{"_acf_changed":false},"product_brand":[294],"product_cat":[295],"product_tag":[],"class_list":{"0":"post-74225","1":"product","2":"type-product","3":"status-publish","4":"has-post-thumbnail","6":"product_brand-dr-boehm","7":"product_cat-d","8":"pa_packungsgroesse-30-stueck","10":"first","11":"instock","12":"shipping-taxable","13":"purchasable","14":"product-type-simple"},"acf":[],"_links":{"self":[{"href":"https:\/\/www.hirtenberg-apotheke.at\/katalog\/wp-json\/wp\/v2\/product\/74225","targetHints":{"allow":["GET"]}}],"collection":[{"href":"https:\/\/www.hirtenberg-apotheke.at\/katalog\/wp-json\/wp\/v2\/product"}],"about":[{"href":"https:\/\/www.hirtenberg-apotheke.at\/katalog\/wp-json\/wp\/v2\/types\/product"}],"wp:featuredmedia":[{"embeddable":true,"href":"https:\/\/www.hirtenberg-apotheke.at\/katalog\/wp-json\/wp\/v2\/media\/74227"}],"wp:attachment":[{"href":"https:\/\/www.hirtenberg-apotheke.at\/katalog\/wp-json\/wp\/v2\/media?parent=74225"}],"wp:term":[{"taxonomy":"product_brand","embeddable":true,"href":"https:\/\/www.hirtenberg-apotheke.at\/katalog\/wp-json\/wp\/v2\/product_brand?post=74225"},{"taxonomy":"product_cat","embeddable":true,"href":"https:\/\/www.hirtenberg-apotheke.at\/katalog\/wp-json\/wp\/v2\/product_cat?post=74225"},{"taxonomy":"product_tag","embeddable":true,"href":"https:\/\/www.hirtenberg-apotheke.at\/katalog\/wp-json\/wp\/v2\/product_tag?post=74225"}],"curies":[{"name":"wp","href":"https:\/\/api.w.org\/{rel}","templated":true}]}}