{"id":74858,"date":"2025-11-27T23:06:50","date_gmt":"2025-11-27T22:06:50","guid":{"rendered":"https:\/\/www.hirtenberg-apotheke.at\/katalog\/produkt\/pedimol-kraeuterbalsam-100-ml\/"},"modified":"2025-11-27T23:07:15","modified_gmt":"2025-11-27T22:07:15","slug":"pedimol-kraeuterbalsam-100-ml","status":"publish","type":"product","link":"https:\/\/www.hirtenberg-apotheke.at\/katalog\/produkt\/pedimol-kraeuterbalsam-100-ml\/","title":{"rendered":"Pedimol Kr\u00e4uterbalsam 100 ml"},"content":{"rendered":"<p>pedimol 110 Kr\u00e4uter Balsam hilft beim Massieren von verkrampfter, \u00fcberanstrengender Muskulatur und l\u00e4sst die Gelenke freier werden. Wirkt entspannend auf K\u00f6rper, Seele und Geist<\/p>\n","protected":false},"excerpt":{"rendered":"<p>pedimol 110 Kr\u00e4uter Balsam hilft beim Massieren von verkrampfter, \u00fcberanstrengender Muskulatur und l\u00e4sst die Gelenke freier werden. Wirkt entspannend auf K\u00f6rper, Seele und Geist<\/p>\n","protected":false},"featured_media":74860,"template":"","meta":{"_acf_changed":false},"product_brand":[],"product_cat":[302],"product_tag":[],"class_list":{"0":"post-74858","1":"product","2":"type-product","3":"status-publish","4":"has-post-thumbnail","6":"product_cat-p","7":"pa_packungsgroesse-100ml","9":"first","10":"instock","11":"shipping-taxable","12":"purchasable","13":"product-type-simple"},"acf":[],"_links":{"self":[{"href":"https:\/\/www.hirtenberg-apotheke.at\/katalog\/wp-json\/wp\/v2\/product\/74858","targetHints":{"allow":["GET"]}}],"collection":[{"href":"https:\/\/www.hirtenberg-apotheke.at\/katalog\/wp-json\/wp\/v2\/product"}],"about":[{"href":"https:\/\/www.hirtenberg-apotheke.at\/katalog\/wp-json\/wp\/v2\/types\/product"}],"wp:featuredmedia":[{"embeddable":true,"href":"https:\/\/www.hirtenberg-apotheke.at\/katalog\/wp-json\/wp\/v2\/media\/74860"}],"wp:attachment":[{"href":"https:\/\/www.hirtenberg-apotheke.at\/katalog\/wp-json\/wp\/v2\/media?parent=74858"}],"wp:term":[{"taxonomy":"product_brand","embeddable":true,"href":"https:\/\/www.hirtenberg-apotheke.at\/katalog\/wp-json\/wp\/v2\/product_brand?post=74858"},{"taxonomy":"product_cat","embeddable":true,"href":"https:\/\/www.hirtenberg-apotheke.at\/katalog\/wp-json\/wp\/v2\/product_cat?post=74858"},{"taxonomy":"product_tag","embeddable":true,"href":"https:\/\/www.hirtenberg-apotheke.at\/katalog\/wp-json\/wp\/v2\/product_tag?post=74858"}],"curies":[{"name":"wp","href":"https:\/\/api.w.org\/{rel}","templated":true}]}}