{"id":75020,"date":"2025-11-27T23:11:32","date_gmt":"2025-11-27T22:11:32","guid":{"rendered":"https:\/\/www.hirtenberg-apotheke.at\/katalog\/produkt\/primavera-gute-laune-raumspray-bio\/"},"modified":"2025-11-27T23:12:06","modified_gmt":"2025-11-27T22:12:06","slug":"primavera-gute-laune-raumspray-bio","status":"publish","type":"product","link":"https:\/\/www.hirtenberg-apotheke.at\/katalog\/produkt\/primavera-gute-laune-raumspray-bio\/","title":{"rendered":"Primavera Gute Laune Raumspray bio"},"content":{"rendered":"<p>Primavera Raumspray Gute Laune &#8211; Lebensfreude k\u00fcsst Leichtigkeit. Das Raumspray Gute Laune betont die Sonnenseite des Lebens. Umh\u00fcllt von dem herrlich fruchtigen Duft aus Orange, Limette und Zitrone begegnen wir jedem Tag mit einem L\u00e4cheln &#8211; unbeschwert und fr\u00f6hlich. Ein Duft, der das Haus mit guter Laune f\u00fcllt und f\u00fcr vergn\u00fcgte Stimmung und Heiterkeit sorgt. Einfach spr\u00fchen, strahlen und gl\u00fccklich sein!<\/p>\n","protected":false},"excerpt":{"rendered":"<p>Primavera Raumspray Gute Laune &#8211; Lebensfreude k\u00fcsst Leichtigkeit. Das Raumspray Gute Laune betont die Sonnenseite des Lebens. Umh\u00fcllt von dem herrlich fruchtigen Duft aus Orange, Limette und Zitrone begegnen wir jedem Tag mit einem L\u00e4cheln &#8211; unbeschwert und fr\u00f6hlich. Ein Duft, der das Haus mit guter Laune f\u00fcllt und f\u00fcr vergn\u00fcgte Stimmung und Heiterkeit sorgt. [&hellip;]<\/p>\n","protected":false},"featured_media":75022,"template":"","meta":{"_acf_changed":false},"product_brand":[807],"product_cat":[302],"product_tag":[],"class_list":{"0":"post-75020","1":"product","2":"type-product","3":"status-publish","4":"has-post-thumbnail","6":"product_brand-primavera","7":"product_cat-p","8":"pa_packungsgroesse-50ml","10":"first","11":"instock","12":"shipping-taxable","13":"purchasable","14":"product-type-simple"},"acf":[],"_links":{"self":[{"href":"https:\/\/www.hirtenberg-apotheke.at\/katalog\/wp-json\/wp\/v2\/product\/75020","targetHints":{"allow":["GET"]}}],"collection":[{"href":"https:\/\/www.hirtenberg-apotheke.at\/katalog\/wp-json\/wp\/v2\/product"}],"about":[{"href":"https:\/\/www.hirtenberg-apotheke.at\/katalog\/wp-json\/wp\/v2\/types\/product"}],"wp:featuredmedia":[{"embeddable":true,"href":"https:\/\/www.hirtenberg-apotheke.at\/katalog\/wp-json\/wp\/v2\/media\/75022"}],"wp:attachment":[{"href":"https:\/\/www.hirtenberg-apotheke.at\/katalog\/wp-json\/wp\/v2\/media?parent=75020"}],"wp:term":[{"taxonomy":"product_brand","embeddable":true,"href":"https:\/\/www.hirtenberg-apotheke.at\/katalog\/wp-json\/wp\/v2\/product_brand?post=75020"},{"taxonomy":"product_cat","embeddable":true,"href":"https:\/\/www.hirtenberg-apotheke.at\/katalog\/wp-json\/wp\/v2\/product_cat?post=75020"},{"taxonomy":"product_tag","embeddable":true,"href":"https:\/\/www.hirtenberg-apotheke.at\/katalog\/wp-json\/wp\/v2\/product_tag?post=75020"}],"curies":[{"name":"wp","href":"https:\/\/api.w.org\/{rel}","templated":true}]}}