{"id":75029,"date":"2025-11-27T23:11:32","date_gmt":"2025-11-27T22:11:32","guid":{"rendered":"https:\/\/www.hirtenberg-apotheke.at\/katalog\/produkt\/primavera-happy-lemongrass-raumspray-bio\/"},"modified":"2025-11-27T23:12:24","modified_gmt":"2025-11-27T22:12:24","slug":"primavera-happy-lemongrass-raumspray-bio","status":"publish","type":"product","link":"https:\/\/www.hirtenberg-apotheke.at\/katalog\/produkt\/primavera-happy-lemongrass-raumspray-bio\/","title":{"rendered":"Primavera Happy Lemongrass Raumspray bio"},"content":{"rendered":"<p>Primavera Raumspray Happy Lemongrass &#8211; Exotisch und belebend wie eine Abenteuerreise in das ferne Asien. Das Raumspray Happy Lemongrass ist eine spritzige Quelle der Erfrischung und ein echtes Duftvergn\u00fcgen. Der einzigartige zitronige Duft von 100% naturreinem Lemongrass sorgt f\u00fcr gute Stimmung und bringt fr\u00f6hliche Unbeschwertheit in die R\u00e4ume.<\/p>\n","protected":false},"excerpt":{"rendered":"<p>Primavera Raumspray Happy Lemongrass &#8211; Exotisch und belebend wie eine Abenteuerreise in das ferne Asien. Das Raumspray Happy Lemongrass ist eine spritzige Quelle der Erfrischung und ein echtes Duftvergn\u00fcgen. Der einzigartige zitronige Duft von 100% naturreinem Lemongrass sorgt f\u00fcr gute Stimmung und bringt fr\u00f6hliche Unbeschwertheit in die R\u00e4ume.<\/p>\n","protected":false},"featured_media":75031,"template":"","meta":{"_acf_changed":false},"product_brand":[807],"product_cat":[302],"product_tag":[],"class_list":{"0":"post-75029","1":"product","2":"type-product","3":"status-publish","4":"has-post-thumbnail","6":"product_brand-primavera","7":"product_cat-p","8":"pa_packungsgroesse-50ml","10":"first","11":"instock","12":"shipping-taxable","13":"purchasable","14":"product-type-simple"},"acf":[],"_links":{"self":[{"href":"https:\/\/www.hirtenberg-apotheke.at\/katalog\/wp-json\/wp\/v2\/product\/75029","targetHints":{"allow":["GET"]}}],"collection":[{"href":"https:\/\/www.hirtenberg-apotheke.at\/katalog\/wp-json\/wp\/v2\/product"}],"about":[{"href":"https:\/\/www.hirtenberg-apotheke.at\/katalog\/wp-json\/wp\/v2\/types\/product"}],"wp:featuredmedia":[{"embeddable":true,"href":"https:\/\/www.hirtenberg-apotheke.at\/katalog\/wp-json\/wp\/v2\/media\/75031"}],"wp:attachment":[{"href":"https:\/\/www.hirtenberg-apotheke.at\/katalog\/wp-json\/wp\/v2\/media?parent=75029"}],"wp:term":[{"taxonomy":"product_brand","embeddable":true,"href":"https:\/\/www.hirtenberg-apotheke.at\/katalog\/wp-json\/wp\/v2\/product_brand?post=75029"},{"taxonomy":"product_cat","embeddable":true,"href":"https:\/\/www.hirtenberg-apotheke.at\/katalog\/wp-json\/wp\/v2\/product_cat?post=75029"},{"taxonomy":"product_tag","embeddable":true,"href":"https:\/\/www.hirtenberg-apotheke.at\/katalog\/wp-json\/wp\/v2\/product_tag?post=75029"}],"curies":[{"name":"wp","href":"https:\/\/api.w.org\/{rel}","templated":true}]}}