{"id":75157,"date":"2025-11-27T23:15:48","date_gmt":"2025-11-27T22:15:48","guid":{"rendered":"https:\/\/www.hirtenberg-apotheke.at\/katalog\/produkt\/la-roche-posay-lipikar-baume-ap-m-koerperbalsam-200-ml\/"},"modified":"2025-11-27T23:16:16","modified_gmt":"2025-11-27T22:16:16","slug":"la-roche-posay-lipikar-baume-ap-m-koerperbalsam-200-ml","status":"publish","type":"product","link":"https:\/\/www.hirtenberg-apotheke.at\/katalog\/produkt\/la-roche-posay-lipikar-baume-ap-m-koerperbalsam-200-ml\/","title":{"rendered":"La Roche-Posay Lipikar Baume AP+ M K\u00f6rperbalsam 200 ml"},"content":{"rendered":"<p>La-Roche Posay Lipikar Baume AP+M bringt das Mikrobiom der Haut ins Gleichgewicht. Die Pflege beruhigt die Haut sofort und mildert Juckreiz. Mit seiner Anti-R\u00fcckfall-Wirksamkeit beruhigt der Balsam bei Neurodermitis und beugt Sch\u00fcben vor. Der r\u00fcckfettende Balsam pflegt die Haut und st\u00e4rkt die Hautschutzbarriere. Der Anti-Juckreiz-Balsam ist f\u00fcr Neugeborene, Kinder und Erwachsene gleicherma\u00dfen geeignet. Bei Neurodermitis, f\u00fcr extrem trockene oder zu Allergien neigende Haut.<\/p>\n","protected":false},"excerpt":{"rendered":"<p>La-Roche Posay Lipikar Baume AP+M bringt das Mikrobiom der Haut ins Gleichgewicht. Die Pflege beruhigt die Haut sofort und mildert Juckreiz. Mit seiner Anti-R\u00fcckfall-Wirksamkeit beruhigt der Balsam bei Neurodermitis und beugt Sch\u00fcben vor. Der r\u00fcckfettende Balsam pflegt die Haut und st\u00e4rkt die Hautschutzbarriere. Der Anti-Juckreiz-Balsam ist f\u00fcr Neugeborene, Kinder und Erwachsene gleicherma\u00dfen geeignet. Bei Neurodermitis, [&hellip;]<\/p>\n","protected":false},"featured_media":75159,"template":"","meta":{"_acf_changed":false},"product_brand":[692],"product_cat":[317],"product_tag":[],"class_list":{"0":"post-75157","1":"product","2":"type-product","3":"status-publish","4":"has-post-thumbnail","6":"product_brand-la-roche-posay","7":"product_cat-l","8":"pa_packungsgroesse-200ml","10":"first","11":"instock","12":"shipping-taxable","13":"purchasable","14":"product-type-simple"},"acf":[],"_links":{"self":[{"href":"https:\/\/www.hirtenberg-apotheke.at\/katalog\/wp-json\/wp\/v2\/product\/75157","targetHints":{"allow":["GET"]}}],"collection":[{"href":"https:\/\/www.hirtenberg-apotheke.at\/katalog\/wp-json\/wp\/v2\/product"}],"about":[{"href":"https:\/\/www.hirtenberg-apotheke.at\/katalog\/wp-json\/wp\/v2\/types\/product"}],"wp:featuredmedia":[{"embeddable":true,"href":"https:\/\/www.hirtenberg-apotheke.at\/katalog\/wp-json\/wp\/v2\/media\/75159"}],"wp:attachment":[{"href":"https:\/\/www.hirtenberg-apotheke.at\/katalog\/wp-json\/wp\/v2\/media?parent=75157"}],"wp:term":[{"taxonomy":"product_brand","embeddable":true,"href":"https:\/\/www.hirtenberg-apotheke.at\/katalog\/wp-json\/wp\/v2\/product_brand?post=75157"},{"taxonomy":"product_cat","embeddable":true,"href":"https:\/\/www.hirtenberg-apotheke.at\/katalog\/wp-json\/wp\/v2\/product_cat?post=75157"},{"taxonomy":"product_tag","embeddable":true,"href":"https:\/\/www.hirtenberg-apotheke.at\/katalog\/wp-json\/wp\/v2\/product_tag?post=75157"}],"curies":[{"name":"wp","href":"https:\/\/api.w.org\/{rel}","templated":true}]}}