{"id":75169,"date":"2025-11-27T23:16:26","date_gmt":"2025-11-27T22:16:26","guid":{"rendered":"https:\/\/www.hirtenberg-apotheke.at\/katalog\/produkt\/la-roche-posay-oil-infused-mizellenreinigung-400-ml\/"},"modified":"2025-11-27T23:16:30","modified_gmt":"2025-11-27T22:16:30","slug":"la-roche-posay-oil-infused-mizellenreinigung-400-ml","status":"publish","type":"product","link":"https:\/\/www.hirtenberg-apotheke.at\/katalog\/produkt\/la-roche-posay-oil-infused-mizellenreinigung-400-ml\/","title":{"rendered":"La Roche-Posay Oil-Infused Mizellenreinigung 400 ml"},"content":{"rendered":"<p>4-in-1: Reinigung + Make-Up-Entferner + Augen-Make-Up-Entferner + Gesichtswasser. F\u00fcr normale bis empfindliche Haut. Reinigt, kl\u00e4rt und entfernt Make-up und Augen-Make-up gr\u00fcndlich und sanft \u2013 in nur einem Schritt. Die Mizellen-Technologie erm\u00f6glicht ein besonders sanftes Reinigen und Abschminken ohne hautstrapazierendes Reiben. Ohne Seife. Ohne Alkohol. Ohne Farbstoffe. Nicht komedogen.<\/p>\n","protected":false},"excerpt":{"rendered":"<p>4-in-1: Reinigung + Make-Up-Entferner + Augen-Make-Up-Entferner + Gesichtswasser. F\u00fcr normale bis empfindliche Haut. Reinigt, kl\u00e4rt und entfernt Make-up und Augen-Make-up gr\u00fcndlich und sanft \u2013 in nur einem Schritt. Die Mizellen-Technologie erm\u00f6glicht ein besonders sanftes Reinigen und Abschminken ohne hautstrapazierendes Reiben. Ohne Seife. Ohne Alkohol. Ohne Farbstoffe. Nicht komedogen.<\/p>\n","protected":false},"featured_media":0,"template":"","meta":{"_acf_changed":false},"product_brand":[692],"product_cat":[317],"product_tag":[],"class_list":{"0":"post-75169","1":"product","2":"type-product","3":"status-publish","5":"product_brand-la-roche-posay","6":"product_cat-l","7":"pa_packungsgroesse-400ml","9":"first","10":"instock","11":"shipping-taxable","12":"purchasable","13":"product-type-simple"},"acf":[],"_links":{"self":[{"href":"https:\/\/www.hirtenberg-apotheke.at\/katalog\/wp-json\/wp\/v2\/product\/75169","targetHints":{"allow":["GET"]}}],"collection":[{"href":"https:\/\/www.hirtenberg-apotheke.at\/katalog\/wp-json\/wp\/v2\/product"}],"about":[{"href":"https:\/\/www.hirtenberg-apotheke.at\/katalog\/wp-json\/wp\/v2\/types\/product"}],"wp:attachment":[{"href":"https:\/\/www.hirtenberg-apotheke.at\/katalog\/wp-json\/wp\/v2\/media?parent=75169"}],"wp:term":[{"taxonomy":"product_brand","embeddable":true,"href":"https:\/\/www.hirtenberg-apotheke.at\/katalog\/wp-json\/wp\/v2\/product_brand?post=75169"},{"taxonomy":"product_cat","embeddable":true,"href":"https:\/\/www.hirtenberg-apotheke.at\/katalog\/wp-json\/wp\/v2\/product_cat?post=75169"},{"taxonomy":"product_tag","embeddable":true,"href":"https:\/\/www.hirtenberg-apotheke.at\/katalog\/wp-json\/wp\/v2\/product_tag?post=75169"}],"curies":[{"name":"wp","href":"https:\/\/api.w.org\/{rel}","templated":true}]}}