{"id":75181,"date":"2025-11-27T23:16:43","date_gmt":"2025-11-27T22:16:43","guid":{"rendered":"https:\/\/www.hirtenberg-apotheke.at\/katalog\/produkt\/pure-encapsulations-cogni-aktiv-kapseln-60-stk\/"},"modified":"2025-11-27T23:17:09","modified_gmt":"2025-11-27T22:17:09","slug":"pure-encapsulations-cogni-aktiv-kapseln-60-stk","status":"publish","type":"product","link":"https:\/\/www.hirtenberg-apotheke.at\/katalog\/produkt\/pure-encapsulations-cogni-aktiv-kapseln-60-stk\/","title":{"rendered":"Pure Encapsulations Cogni Aktiv Kapseln 60 Stk."},"content":{"rendered":"<p>Pure Encapsulations Cogni Aktiv Kapseln f\u00fcr die Gehirn und Nervenfunktion. Fols\u00e4ure sowie Vitamin B6 und B12 tragen zu einer gesunden psychischen Funktion bei und sind f\u00fcr einen ausgeglichenen Homocystein-Stoffwechsel von Bedeutung. Die Vitamine B6 und B12 unterst\u00fctzen das Nervensystem und den Energiestoffwechsel \u2013 auch im Gehirn. Abgerundet wird die Rezeptur von Cogni aktiv durch die Carotinoide Lutein und Zeaxanthin. Sie kommen nat\u00fcrlicherweise in der Netzhaut vor, insbesondere im gelben Fleck, welcher f\u00fcr das zentrale Sehen verantwortlich ist.<\/p>\n","protected":false},"excerpt":{"rendered":"<p>Pure Encapsulations Cogni Aktiv Kapseln f\u00fcr die Gehirn und Nervenfunktion. Fols\u00e4ure sowie Vitamin B6 und B12 tragen zu einer gesunden psychischen Funktion bei und sind f\u00fcr einen ausgeglichenen Homocystein-Stoffwechsel von Bedeutung. Die Vitamine B6 und B12 unterst\u00fctzen das Nervensystem und den Energiestoffwechsel \u2013 auch im Gehirn. Abgerundet wird die Rezeptur von Cogni aktiv durch die [&hellip;]<\/p>\n","protected":false},"featured_media":75183,"template":"","meta":{"_acf_changed":false},"product_brand":[1033],"product_cat":[302],"product_tag":[],"class_list":{"0":"post-75181","1":"product","2":"type-product","3":"status-publish","4":"has-post-thumbnail","6":"product_brand-pure-encapsulations","7":"product_cat-p","8":"pa_packungsgroesse-60-stueck","10":"first","11":"instock","12":"shipping-taxable","13":"purchasable","14":"product-type-simple"},"acf":[],"_links":{"self":[{"href":"https:\/\/www.hirtenberg-apotheke.at\/katalog\/wp-json\/wp\/v2\/product\/75181","targetHints":{"allow":["GET"]}}],"collection":[{"href":"https:\/\/www.hirtenberg-apotheke.at\/katalog\/wp-json\/wp\/v2\/product"}],"about":[{"href":"https:\/\/www.hirtenberg-apotheke.at\/katalog\/wp-json\/wp\/v2\/types\/product"}],"wp:featuredmedia":[{"embeddable":true,"href":"https:\/\/www.hirtenberg-apotheke.at\/katalog\/wp-json\/wp\/v2\/media\/75183"}],"wp:attachment":[{"href":"https:\/\/www.hirtenberg-apotheke.at\/katalog\/wp-json\/wp\/v2\/media?parent=75181"}],"wp:term":[{"taxonomy":"product_brand","embeddable":true,"href":"https:\/\/www.hirtenberg-apotheke.at\/katalog\/wp-json\/wp\/v2\/product_brand?post=75181"},{"taxonomy":"product_cat","embeddable":true,"href":"https:\/\/www.hirtenberg-apotheke.at\/katalog\/wp-json\/wp\/v2\/product_cat?post=75181"},{"taxonomy":"product_tag","embeddable":true,"href":"https:\/\/www.hirtenberg-apotheke.at\/katalog\/wp-json\/wp\/v2\/product_tag?post=75181"}],"curies":[{"name":"wp","href":"https:\/\/api.w.org\/{rel}","templated":true}]}}