{"id":75221,"date":"2025-11-27T23:18:05","date_gmt":"2025-11-27T22:18:05","guid":{"rendered":"https:\/\/www.hirtenberg-apotheke.at\/katalog\/produkt\/dermasel-hyaluron-forte-nachtcreme-50-ml\/"},"modified":"2025-11-27T23:18:12","modified_gmt":"2025-11-27T22:18:12","slug":"dermasel-hyaluron-forte-nachtcreme-50-ml","status":"publish","type":"product","link":"https:\/\/www.hirtenberg-apotheke.at\/katalog\/produkt\/dermasel-hyaluron-forte-nachtcreme-50-ml\/","title":{"rendered":"Dermasel Hyaluron Forte Nachtcreme 50 ml"},"content":{"rendered":"<p>Die Hyaluron Forte Nachtcreme mit naturreinen Mineralien aus dem Toten Meer, 3-fach Hyaluron und ausgew\u00e4hlten Anti-Aging-Wirkstoffen unterst\u00fctzt den n\u00e4chtlichen Regenerationsprozess, f\u00f6rdert die Elastizit\u00e4t der Faserstruktur und beugt der Erschlaffung der Haut vor. So erscheinen Gesichtsoval und Kinnkontur verfeinert und definierter: F\u00fcr eine verj\u00fcngte, erfrischte und \u00fcber Nacht regeneriert erscheinende Haut.<\/p>\n","protected":false},"excerpt":{"rendered":"<p>Die Hyaluron Forte Nachtcreme mit naturreinen Mineralien aus dem Toten Meer, 3-fach Hyaluron und ausgew\u00e4hlten Anti-Aging-Wirkstoffen unterst\u00fctzt den n\u00e4chtlichen Regenerationsprozess, f\u00f6rdert die Elastizit\u00e4t der Faserstruktur und beugt der Erschlaffung der Haut vor. So erscheinen Gesichtsoval und Kinnkontur verfeinert und definierter: F\u00fcr eine verj\u00fcngte, erfrischte und \u00fcber Nacht regeneriert erscheinende Haut.<\/p>\n","protected":false},"featured_media":75223,"template":"","meta":{"_acf_changed":false},"product_brand":[700],"product_cat":[295],"product_tag":[],"class_list":{"0":"post-75221","1":"product","2":"type-product","3":"status-publish","4":"has-post-thumbnail","6":"product_brand-dermasel","7":"product_cat-d","8":"pa_packungsgroesse-50ml","10":"first","11":"instock","12":"shipping-taxable","13":"purchasable","14":"product-type-simple"},"acf":[],"_links":{"self":[{"href":"https:\/\/www.hirtenberg-apotheke.at\/katalog\/wp-json\/wp\/v2\/product\/75221","targetHints":{"allow":["GET"]}}],"collection":[{"href":"https:\/\/www.hirtenberg-apotheke.at\/katalog\/wp-json\/wp\/v2\/product"}],"about":[{"href":"https:\/\/www.hirtenberg-apotheke.at\/katalog\/wp-json\/wp\/v2\/types\/product"}],"wp:featuredmedia":[{"embeddable":true,"href":"https:\/\/www.hirtenberg-apotheke.at\/katalog\/wp-json\/wp\/v2\/media\/75223"}],"wp:attachment":[{"href":"https:\/\/www.hirtenberg-apotheke.at\/katalog\/wp-json\/wp\/v2\/media?parent=75221"}],"wp:term":[{"taxonomy":"product_brand","embeddable":true,"href":"https:\/\/www.hirtenberg-apotheke.at\/katalog\/wp-json\/wp\/v2\/product_brand?post=75221"},{"taxonomy":"product_cat","embeddable":true,"href":"https:\/\/www.hirtenberg-apotheke.at\/katalog\/wp-json\/wp\/v2\/product_cat?post=75221"},{"taxonomy":"product_tag","embeddable":true,"href":"https:\/\/www.hirtenberg-apotheke.at\/katalog\/wp-json\/wp\/v2\/product_tag?post=75221"}],"curies":[{"name":"wp","href":"https:\/\/api.w.org\/{rel}","templated":true}]}}