{"id":75273,"date":"2025-11-27T23:19:24","date_gmt":"2025-11-27T22:19:24","guid":{"rendered":"https:\/\/www.hirtenberg-apotheke.at\/katalog\/produkt\/vichy-intesiv-pflege-handcreme-50-ml\/"},"modified":"2025-11-27T23:19:37","modified_gmt":"2025-11-27T22:19:37","slug":"vichy-intesiv-pflege-handcreme-50-ml","status":"publish","type":"product","link":"https:\/\/www.hirtenberg-apotheke.at\/katalog\/produkt\/vichy-intesiv-pflege-handcreme-50-ml\/","title":{"rendered":"VICHY INTESIV PFLEGE HANDCREME 50 ML"},"content":{"rendered":"<p>VICHY Intensiv Pflegende Handcreme wurde f\u00fcr durch h\u00e4ufiges Waschen &#038; Desinfizieren beanspruchte H\u00e4nde entwickelt. Die Formel mit Allantoin st\u00e4rkt und sch\u00fctzt die Haut und f\u00f6rdert die Hautregeneration. Mit Sheabutter mildert die Handcreme f\u00fcr trockene H\u00e4nde Spannungsgef\u00fchle und sch\u00fctzt die Haut vor Feuchtigkeitsverlust. Dank Vulkanischem Wasser wird die Haut gesch\u00fctzt und die Hautschutzbarriere gest\u00e4rkt. Die Intensiv Pflegende Handcreme ist ideal f\u00fcr strapazierte H\u00e4nde geeignet.<\/p>\n","protected":false},"excerpt":{"rendered":"<p>VICHY Intensiv Pflegende Handcreme wurde f\u00fcr durch h\u00e4ufiges Waschen &#038; Desinfizieren beanspruchte H\u00e4nde entwickelt. Die Formel mit Allantoin st\u00e4rkt und sch\u00fctzt die Haut und f\u00f6rdert die Hautregeneration. Mit Sheabutter mildert die Handcreme f\u00fcr trockene H\u00e4nde Spannungsgef\u00fchle und sch\u00fctzt die Haut vor Feuchtigkeitsverlust. Dank Vulkanischem Wasser wird die Haut gesch\u00fctzt und die Hautschutzbarriere gest\u00e4rkt. Die Intensiv [&hellip;]<\/p>\n","protected":false},"featured_media":75275,"template":"","meta":{"_acf_changed":false},"product_brand":[691],"product_cat":[300],"product_tag":[],"class_list":{"0":"post-75273","1":"product","2":"type-product","3":"status-publish","4":"has-post-thumbnail","6":"product_brand-vichy","7":"product_cat-v","8":"pa_packungsgroesse-50ml","10":"first","11":"instock","12":"shipping-taxable","13":"purchasable","14":"product-type-simple"},"acf":[],"_links":{"self":[{"href":"https:\/\/www.hirtenberg-apotheke.at\/katalog\/wp-json\/wp\/v2\/product\/75273","targetHints":{"allow":["GET"]}}],"collection":[{"href":"https:\/\/www.hirtenberg-apotheke.at\/katalog\/wp-json\/wp\/v2\/product"}],"about":[{"href":"https:\/\/www.hirtenberg-apotheke.at\/katalog\/wp-json\/wp\/v2\/types\/product"}],"wp:featuredmedia":[{"embeddable":true,"href":"https:\/\/www.hirtenberg-apotheke.at\/katalog\/wp-json\/wp\/v2\/media\/75275"}],"wp:attachment":[{"href":"https:\/\/www.hirtenberg-apotheke.at\/katalog\/wp-json\/wp\/v2\/media?parent=75273"}],"wp:term":[{"taxonomy":"product_brand","embeddable":true,"href":"https:\/\/www.hirtenberg-apotheke.at\/katalog\/wp-json\/wp\/v2\/product_brand?post=75273"},{"taxonomy":"product_cat","embeddable":true,"href":"https:\/\/www.hirtenberg-apotheke.at\/katalog\/wp-json\/wp\/v2\/product_cat?post=75273"},{"taxonomy":"product_tag","embeddable":true,"href":"https:\/\/www.hirtenberg-apotheke.at\/katalog\/wp-json\/wp\/v2\/product_tag?post=75273"}],"curies":[{"name":"wp","href":"https:\/\/api.w.org\/{rel}","templated":true}]}}