{"id":75326,"date":"2025-11-27T23:21:04","date_gmt":"2025-11-27T22:21:04","guid":{"rendered":"https:\/\/www.hirtenberg-apotheke.at\/katalog\/produkt\/neuners-immun-antiox-kapseln-60-stk\/"},"modified":"2025-11-27T23:21:06","modified_gmt":"2025-11-27T22:21:06","slug":"neuners-immun-antiox-kapseln-60-stk","status":"publish","type":"product","link":"https:\/\/www.hirtenberg-apotheke.at\/katalog\/produkt\/neuners-immun-antiox-kapseln-60-stk\/","title":{"rendered":"Neuners Immun Antiox Kapseln 60 Stk."},"content":{"rendered":"<p>Die enthaltenen Vitamine C und E sind wichtig f\u00fcr die gesunde Funktion des Immunsystems und sch\u00fctzen die Zellen vor oxidativem Stress. Unterst\u00fctzt wird diese Wirkung durch Zink und Selen, als essentielle Spurenelemente m\u00fcssen sie dem K\u00f6rper zugef\u00fchrt werden. Vitamin D hat neben seiner wichtigen Funktion bei der normalen Aufnahme von Calcium in die Knochen auch eine Funktion bei der Zellteilung. Mit ihrer ganzheitlichen Rezeptur sind die Kapseln eine effektive Wirkstoffquelle zum langfristigen Erhalt eines vitalen Immunsystems und dem Schutz der Zellen vor oxidativem Stress.<\/p>\n","protected":false},"excerpt":{"rendered":"<p>Die enthaltenen Vitamine C und E sind wichtig f\u00fcr die gesunde Funktion des Immunsystems und sch\u00fctzen die Zellen vor oxidativem Stress. Unterst\u00fctzt wird diese Wirkung durch Zink und Selen, als essentielle Spurenelemente m\u00fcssen sie dem K\u00f6rper zugef\u00fchrt werden. Vitamin D hat neben seiner wichtigen Funktion bei der normalen Aufnahme von Calcium in die Knochen auch [&hellip;]<\/p>\n","protected":false},"featured_media":0,"template":"","meta":{"_acf_changed":false},"product_brand":[995],"product_cat":[310],"product_tag":[],"class_list":{"0":"post-75326","1":"product","2":"type-product","3":"status-publish","5":"product_brand-neuner","6":"product_cat-n","7":"pa_packungsgroesse-60-stueck","9":"first","10":"instock","11":"shipping-taxable","12":"purchasable","13":"product-type-simple"},"acf":[],"_links":{"self":[{"href":"https:\/\/www.hirtenberg-apotheke.at\/katalog\/wp-json\/wp\/v2\/product\/75326","targetHints":{"allow":["GET"]}}],"collection":[{"href":"https:\/\/www.hirtenberg-apotheke.at\/katalog\/wp-json\/wp\/v2\/product"}],"about":[{"href":"https:\/\/www.hirtenberg-apotheke.at\/katalog\/wp-json\/wp\/v2\/types\/product"}],"wp:attachment":[{"href":"https:\/\/www.hirtenberg-apotheke.at\/katalog\/wp-json\/wp\/v2\/media?parent=75326"}],"wp:term":[{"taxonomy":"product_brand","embeddable":true,"href":"https:\/\/www.hirtenberg-apotheke.at\/katalog\/wp-json\/wp\/v2\/product_brand?post=75326"},{"taxonomy":"product_cat","embeddable":true,"href":"https:\/\/www.hirtenberg-apotheke.at\/katalog\/wp-json\/wp\/v2\/product_cat?post=75326"},{"taxonomy":"product_tag","embeddable":true,"href":"https:\/\/www.hirtenberg-apotheke.at\/katalog\/wp-json\/wp\/v2\/product_tag?post=75326"}],"curies":[{"name":"wp","href":"https:\/\/api.w.org\/{rel}","templated":true}]}}