{"id":75336,"date":"2025-11-27T23:21:12","date_gmt":"2025-11-27T22:21:12","guid":{"rendered":"https:\/\/www.hirtenberg-apotheke.at\/katalog\/produkt\/pharmos-natur-cleansing-cream-50-ml\/"},"modified":"2025-11-27T23:21:14","modified_gmt":"2025-11-27T22:21:14","slug":"pharmos-natur-cleansing-cream-50-ml","status":"publish","type":"product","link":"https:\/\/www.hirtenberg-apotheke.at\/katalog\/produkt\/pharmos-natur-cleansing-cream-50-ml\/","title":{"rendered":"PHARMOS NATUR Cleansing Cream 50 ml"},"content":{"rendered":"<p>Die Cleansing Cream mit Bio Aloe Vera und Olive reinigt die Haut besonders mild und sch\u00fctzt sie gleichzeitig vor dem Austrocknen. Eine sanfte Revolution f\u00fcr die nat\u00fcrliche Gesichtsreinigung. Mit pflanzlichen Wirkstoffen werden Make-Up und Schmutzpartikelchen abgereinigt. Die reizfreie Aloe Vera Reinigungscreme mit Olive und gr\u00fcnem Tee wehrt freie Radikale ab und schenkt der Haut schon bei der Reinigung viel Feuchtigkeit und pflegende Wirkstoffe. Diese reine Naturkosmetik, ohne Duft und ohne waschaktive Substanzen, st\u00e4rkt den nat\u00fcrlichen S\u00e4ureschutzmantel. Die Reinigungscreme sorgt f\u00fcr eine gesunde, reine und geschmeidige Haut.<\/p>\n","protected":false},"excerpt":{"rendered":"<p>Die Cleansing Cream mit Bio Aloe Vera und Olive reinigt die Haut besonders mild und sch\u00fctzt sie gleichzeitig vor dem Austrocknen. Eine sanfte Revolution f\u00fcr die nat\u00fcrliche Gesichtsreinigung. Mit pflanzlichen Wirkstoffen werden Make-Up und Schmutzpartikelchen abgereinigt. Die reizfreie Aloe Vera Reinigungscreme mit Olive und gr\u00fcnem Tee wehrt freie Radikale ab und schenkt der Haut schon [&hellip;]<\/p>\n","protected":false},"featured_media":0,"template":"","meta":{"_acf_changed":false},"product_brand":[],"product_cat":[302],"product_tag":[],"class_list":{"0":"post-75336","1":"product","2":"type-product","3":"status-publish","5":"product_cat-p","6":"pa_packungsgroesse-50ml","8":"first","9":"instock","10":"shipping-taxable","11":"purchasable","12":"product-type-simple"},"acf":[],"_links":{"self":[{"href":"https:\/\/www.hirtenberg-apotheke.at\/katalog\/wp-json\/wp\/v2\/product\/75336","targetHints":{"allow":["GET"]}}],"collection":[{"href":"https:\/\/www.hirtenberg-apotheke.at\/katalog\/wp-json\/wp\/v2\/product"}],"about":[{"href":"https:\/\/www.hirtenberg-apotheke.at\/katalog\/wp-json\/wp\/v2\/types\/product"}],"wp:attachment":[{"href":"https:\/\/www.hirtenberg-apotheke.at\/katalog\/wp-json\/wp\/v2\/media?parent=75336"}],"wp:term":[{"taxonomy":"product_brand","embeddable":true,"href":"https:\/\/www.hirtenberg-apotheke.at\/katalog\/wp-json\/wp\/v2\/product_brand?post=75336"},{"taxonomy":"product_cat","embeddable":true,"href":"https:\/\/www.hirtenberg-apotheke.at\/katalog\/wp-json\/wp\/v2\/product_cat?post=75336"},{"taxonomy":"product_tag","embeddable":true,"href":"https:\/\/www.hirtenberg-apotheke.at\/katalog\/wp-json\/wp\/v2\/product_tag?post=75336"}],"curies":[{"name":"wp","href":"https:\/\/api.w.org\/{rel}","templated":true}]}}