{"id":75344,"date":"2025-11-27T23:21:15","date_gmt":"2025-11-27T22:21:15","guid":{"rendered":"https:\/\/www.hirtenberg-apotheke.at\/katalog\/produkt\/pharmos-natur-sensitive-gel-50-ml\/"},"modified":"2025-11-27T23:21:19","modified_gmt":"2025-11-27T22:21:19","slug":"pharmos-natur-sensitive-gel-50-ml","status":"publish","type":"product","link":"https:\/\/www.hirtenberg-apotheke.at\/katalog\/produkt\/pharmos-natur-sensitive-gel-50-ml\/","title":{"rendered":"PHARMOS NATUR Sensitive Gel 50 ml"},"content":{"rendered":"<p>PHARMOS NATUR Sensitive Gel mit Bio Aloe Vera und \u00d6l aus dem schwarzen Sesam gibt der Haut viel Feuchtigkeit, neue Elastizit\u00e4t und lebendige Frische. Die Widerstandskraft der Haut wird erh\u00f6ht, die Haut verw\u00f6hnt und Hautirritationen vorgebeugt. Das beruhigende Aloe Vera Gel ist entz\u00fcndungshemmend, reduziert R\u00f6tungen, Trockenheitsf\u00e4ltchen und -linien lassen sich sichtbar mildern. Ideal als Serum bei \u00f6liger Haut und Mischhaut.<\/p>\n","protected":false},"excerpt":{"rendered":"<p>PHARMOS NATUR Sensitive Gel mit Bio Aloe Vera und \u00d6l aus dem schwarzen Sesam gibt der Haut viel Feuchtigkeit, neue Elastizit\u00e4t und lebendige Frische. Die Widerstandskraft der Haut wird erh\u00f6ht, die Haut verw\u00f6hnt und Hautirritationen vorgebeugt. Das beruhigende Aloe Vera Gel ist entz\u00fcndungshemmend, reduziert R\u00f6tungen, Trockenheitsf\u00e4ltchen und -linien lassen sich sichtbar mildern. Ideal als Serum [&hellip;]<\/p>\n","protected":false},"featured_media":0,"template":"","meta":{"_acf_changed":false},"product_brand":[],"product_cat":[302],"product_tag":[],"class_list":{"0":"post-75344","1":"product","2":"type-product","3":"status-publish","5":"product_cat-p","6":"pa_packungsgroesse-50ml","8":"first","9":"instock","10":"shipping-taxable","11":"purchasable","12":"product-type-simple"},"acf":[],"_links":{"self":[{"href":"https:\/\/www.hirtenberg-apotheke.at\/katalog\/wp-json\/wp\/v2\/product\/75344","targetHints":{"allow":["GET"]}}],"collection":[{"href":"https:\/\/www.hirtenberg-apotheke.at\/katalog\/wp-json\/wp\/v2\/product"}],"about":[{"href":"https:\/\/www.hirtenberg-apotheke.at\/katalog\/wp-json\/wp\/v2\/types\/product"}],"wp:attachment":[{"href":"https:\/\/www.hirtenberg-apotheke.at\/katalog\/wp-json\/wp\/v2\/media?parent=75344"}],"wp:term":[{"taxonomy":"product_brand","embeddable":true,"href":"https:\/\/www.hirtenberg-apotheke.at\/katalog\/wp-json\/wp\/v2\/product_brand?post=75344"},{"taxonomy":"product_cat","embeddable":true,"href":"https:\/\/www.hirtenberg-apotheke.at\/katalog\/wp-json\/wp\/v2\/product_cat?post=75344"},{"taxonomy":"product_tag","embeddable":true,"href":"https:\/\/www.hirtenberg-apotheke.at\/katalog\/wp-json\/wp\/v2\/product_tag?post=75344"}],"curies":[{"name":"wp","href":"https:\/\/api.w.org\/{rel}","templated":true}]}}