{"id":75346,"date":"2025-11-27T23:21:18","date_gmt":"2025-11-27T22:21:18","guid":{"rendered":"https:\/\/www.hirtenberg-apotheke.at\/katalog\/produkt\/pharmos-natur-vitamin-booster-50-ml\/"},"modified":"2025-11-27T23:21:19","modified_gmt":"2025-11-27T22:21:19","slug":"pharmos-natur-vitamin-booster-50-ml","status":"publish","type":"product","link":"https:\/\/www.hirtenberg-apotheke.at\/katalog\/produkt\/pharmos-natur-vitamin-booster-50-ml\/","title":{"rendered":"PHARMOS NATUR Vitamin Booster 50 ml"},"content":{"rendered":"<p>PHARMOS NATUR Vitamin Booster ist ein feuchtigkeitsspendendes Wirkstoffwunder f\u00fcr die nat\u00fcrliche Gesichtspflege. Die Feuchtigkeitspflege beugt fr\u00fchzeitiger Hautalterung vor. Das leichte, wirkstoffreiche Anti-Aging-Serum f\u00e4ngt freie Radikale ab und bewahrt die nat\u00fcrliche Spannkraft der Haut. Die Feuchtigkeitspflege mit Anti-Aging Wirkung steigert die Hautelastizit\u00e4t und beugt Pigmentver\u00e4nderungen der Haut vor. Ideal als Serum bei trockener Haut.<\/p>\n","protected":false},"excerpt":{"rendered":"<p>PHARMOS NATUR Vitamin Booster ist ein feuchtigkeitsspendendes Wirkstoffwunder f\u00fcr die nat\u00fcrliche Gesichtspflege. Die Feuchtigkeitspflege beugt fr\u00fchzeitiger Hautalterung vor. Das leichte, wirkstoffreiche Anti-Aging-Serum f\u00e4ngt freie Radikale ab und bewahrt die nat\u00fcrliche Spannkraft der Haut. Die Feuchtigkeitspflege mit Anti-Aging Wirkung steigert die Hautelastizit\u00e4t und beugt Pigmentver\u00e4nderungen der Haut vor. Ideal als Serum bei trockener Haut.<\/p>\n","protected":false},"featured_media":0,"template":"","meta":{"_acf_changed":false},"product_brand":[],"product_cat":[302],"product_tag":[],"class_list":{"0":"post-75346","1":"product","2":"type-product","3":"status-publish","5":"product_cat-p","6":"pa_packungsgroesse-50ml","8":"first","9":"instock","10":"shipping-taxable","11":"purchasable","12":"product-type-simple"},"acf":[],"_links":{"self":[{"href":"https:\/\/www.hirtenberg-apotheke.at\/katalog\/wp-json\/wp\/v2\/product\/75346","targetHints":{"allow":["GET"]}}],"collection":[{"href":"https:\/\/www.hirtenberg-apotheke.at\/katalog\/wp-json\/wp\/v2\/product"}],"about":[{"href":"https:\/\/www.hirtenberg-apotheke.at\/katalog\/wp-json\/wp\/v2\/types\/product"}],"wp:attachment":[{"href":"https:\/\/www.hirtenberg-apotheke.at\/katalog\/wp-json\/wp\/v2\/media?parent=75346"}],"wp:term":[{"taxonomy":"product_brand","embeddable":true,"href":"https:\/\/www.hirtenberg-apotheke.at\/katalog\/wp-json\/wp\/v2\/product_brand?post=75346"},{"taxonomy":"product_cat","embeddable":true,"href":"https:\/\/www.hirtenberg-apotheke.at\/katalog\/wp-json\/wp\/v2\/product_cat?post=75346"},{"taxonomy":"product_tag","embeddable":true,"href":"https:\/\/www.hirtenberg-apotheke.at\/katalog\/wp-json\/wp\/v2\/product_tag?post=75346"}],"curies":[{"name":"wp","href":"https:\/\/api.w.org\/{rel}","templated":true}]}}