{"id":75348,"date":"2025-11-27T23:21:18","date_gmt":"2025-11-27T22:21:18","guid":{"rendered":"https:\/\/www.hirtenberg-apotheke.at\/katalog\/produkt\/pharmos-natur-revitalizing-gel-63-ml\/"},"modified":"2025-11-27T23:21:20","modified_gmt":"2025-11-27T22:21:20","slug":"pharmos-natur-revitalizing-gel-63-ml","status":"publish","type":"product","link":"https:\/\/www.hirtenberg-apotheke.at\/katalog\/produkt\/pharmos-natur-revitalizing-gel-63-ml\/","title":{"rendered":"PHARMOS NATUR Revitalizing Gel 63 ml"},"content":{"rendered":"<p>PHARMOS NATUR Revitalizing Gel eignet sich f\u00fcr die t\u00e4gliche Feuchtigkeitspflege der Haut. Die Haut erh\u00e4lt sofort verlorene Feuchtigkeit zur\u00fcck, baut zugleich ein Feuchtigkeits-Depot auf und strafft die Haut. Das Gel stellt die Hautbalance wieder her und sch\u00fctzt, pflegt und regeneriert die Haut. Die Haut ist frischer, straffer und glatter.<\/p>\n","protected":false},"excerpt":{"rendered":"<p>PHARMOS NATUR Revitalizing Gel eignet sich f\u00fcr die t\u00e4gliche Feuchtigkeitspflege der Haut. Die Haut erh\u00e4lt sofort verlorene Feuchtigkeit zur\u00fcck, baut zugleich ein Feuchtigkeits-Depot auf und strafft die Haut. Das Gel stellt die Hautbalance wieder her und sch\u00fctzt, pflegt und regeneriert die Haut. Die Haut ist frischer, straffer und glatter.<\/p>\n","protected":false},"featured_media":0,"template":"","meta":{"_acf_changed":false},"product_brand":[],"product_cat":[302],"product_tag":[],"class_list":{"0":"post-75348","1":"product","2":"type-product","3":"status-publish","5":"product_cat-p","6":"pa_packungsgroesse-63ml","8":"first","9":"instock","10":"shipping-taxable","11":"purchasable","12":"product-type-simple"},"acf":[],"_links":{"self":[{"href":"https:\/\/www.hirtenberg-apotheke.at\/katalog\/wp-json\/wp\/v2\/product\/75348","targetHints":{"allow":["GET"]}}],"collection":[{"href":"https:\/\/www.hirtenberg-apotheke.at\/katalog\/wp-json\/wp\/v2\/product"}],"about":[{"href":"https:\/\/www.hirtenberg-apotheke.at\/katalog\/wp-json\/wp\/v2\/types\/product"}],"wp:attachment":[{"href":"https:\/\/www.hirtenberg-apotheke.at\/katalog\/wp-json\/wp\/v2\/media?parent=75348"}],"wp:term":[{"taxonomy":"product_brand","embeddable":true,"href":"https:\/\/www.hirtenberg-apotheke.at\/katalog\/wp-json\/wp\/v2\/product_brand?post=75348"},{"taxonomy":"product_cat","embeddable":true,"href":"https:\/\/www.hirtenberg-apotheke.at\/katalog\/wp-json\/wp\/v2\/product_cat?post=75348"},{"taxonomy":"product_tag","embeddable":true,"href":"https:\/\/www.hirtenberg-apotheke.at\/katalog\/wp-json\/wp\/v2\/product_tag?post=75348"}],"curies":[{"name":"wp","href":"https:\/\/api.w.org\/{rel}","templated":true}]}}