{"id":75352,"date":"2025-11-27T23:21:21","date_gmt":"2025-11-27T22:21:21","guid":{"rendered":"https:\/\/www.hirtenberg-apotheke.at\/katalog\/produkt\/pharmos-natur-moisturizing-cream-50-ml\/"},"modified":"2025-11-27T23:21:23","modified_gmt":"2025-11-27T22:21:23","slug":"pharmos-natur-moisturizing-cream-50-ml","status":"publish","type":"product","link":"https:\/\/www.hirtenberg-apotheke.at\/katalog\/produkt\/pharmos-natur-moisturizing-cream-50-ml\/","title":{"rendered":"PHARMOS NATUR Moisturizing Cream 50 ml"},"content":{"rendered":"<p>PHARMOS NATUR Moisturizing Cream ist eine Feuchtigkeitspflege f\u00fcr den ganzen Tag mit komplexer Pflanzenkraft aus Aloe Vera BioUrsaft und Avocado. Bio Aloe Vera und Avocado versorgen die Haut mit einem nat\u00fcrlichen Feuchtigkeitskomplex und Vitamin E, ein wichtiges Antioxidant und Verj\u00fcngungsvitamin, wehrt freie Radikale ab. Der S\u00e4ureschutzmantel der Haut wird gest\u00e4rkt. Die Aloe Vera Pflegecreme unterst\u00fctzt die Regeneration der Haut, indem ihre nat\u00fcrlichen Funktionen stimuliert werden. Dieser Feuchtigkeitsschutz pflegt, gl\u00e4ttet und verw\u00f6hnt die Haut. Die Haut wird sp\u00fcrbar frischer. Die Feuchtigkeitscreme ist ideal als Tagespflege f\u00fcr normale Haut<\/p>\n","protected":false},"excerpt":{"rendered":"<p>PHARMOS NATUR Moisturizing Cream ist eine Feuchtigkeitspflege f\u00fcr den ganzen Tag mit komplexer Pflanzenkraft aus Aloe Vera BioUrsaft und Avocado. Bio Aloe Vera und Avocado versorgen die Haut mit einem nat\u00fcrlichen Feuchtigkeitskomplex und Vitamin E, ein wichtiges Antioxidant und Verj\u00fcngungsvitamin, wehrt freie Radikale ab. Der S\u00e4ureschutzmantel der Haut wird gest\u00e4rkt. Die Aloe Vera Pflegecreme unterst\u00fctzt [&hellip;]<\/p>\n","protected":false},"featured_media":0,"template":"","meta":{"_acf_changed":false},"product_brand":[],"product_cat":[302],"product_tag":[],"class_list":{"0":"post-75352","1":"product","2":"type-product","3":"status-publish","5":"product_cat-p","6":"pa_packungsgroesse-50ml","8":"first","9":"instock","10":"shipping-taxable","11":"purchasable","12":"product-type-simple"},"acf":[],"_links":{"self":[{"href":"https:\/\/www.hirtenberg-apotheke.at\/katalog\/wp-json\/wp\/v2\/product\/75352","targetHints":{"allow":["GET"]}}],"collection":[{"href":"https:\/\/www.hirtenberg-apotheke.at\/katalog\/wp-json\/wp\/v2\/product"}],"about":[{"href":"https:\/\/www.hirtenberg-apotheke.at\/katalog\/wp-json\/wp\/v2\/types\/product"}],"wp:attachment":[{"href":"https:\/\/www.hirtenberg-apotheke.at\/katalog\/wp-json\/wp\/v2\/media?parent=75352"}],"wp:term":[{"taxonomy":"product_brand","embeddable":true,"href":"https:\/\/www.hirtenberg-apotheke.at\/katalog\/wp-json\/wp\/v2\/product_brand?post=75352"},{"taxonomy":"product_cat","embeddable":true,"href":"https:\/\/www.hirtenberg-apotheke.at\/katalog\/wp-json\/wp\/v2\/product_cat?post=75352"},{"taxonomy":"product_tag","embeddable":true,"href":"https:\/\/www.hirtenberg-apotheke.at\/katalog\/wp-json\/wp\/v2\/product_tag?post=75352"}],"curies":[{"name":"wp","href":"https:\/\/api.w.org\/{rel}","templated":true}]}}