{"id":75354,"date":"2025-11-27T23:21:21","date_gmt":"2025-11-27T22:21:21","guid":{"rendered":"https:\/\/www.hirtenberg-apotheke.at\/katalog\/produkt\/pharmos-natur-care-balm-50-ml\/"},"modified":"2025-11-27T23:21:24","modified_gmt":"2025-11-27T22:21:24","slug":"pharmos-natur-care-balm-50-ml","status":"publish","type":"product","link":"https:\/\/www.hirtenberg-apotheke.at\/katalog\/produkt\/pharmos-natur-care-balm-50-ml\/","title":{"rendered":"PHARMOS NATUR Care Balm 50 ml"},"content":{"rendered":"<p>Reichhaltiger Pflegebalsam mit leichter Textur. F\u00fcr einen strahlend frischen Teint. Er verleiht der Haut sp\u00fcrbare Vitalit\u00e4t. Sensible Hautstellen werden beruhigt und gegl\u00e4ttet. F\u00fcr trockene und normale Haut. Ganz besonders f\u00fcr die empfindliche Haut.<\/p>\n","protected":false},"excerpt":{"rendered":"<p>Reichhaltiger Pflegebalsam mit leichter Textur. F\u00fcr einen strahlend frischen Teint. Er verleiht der Haut sp\u00fcrbare Vitalit\u00e4t. Sensible Hautstellen werden beruhigt und gegl\u00e4ttet. F\u00fcr trockene und normale Haut. Ganz besonders f\u00fcr die empfindliche Haut.<\/p>\n","protected":false},"featured_media":0,"template":"","meta":{"_acf_changed":false},"product_brand":[],"product_cat":[302],"product_tag":[],"class_list":{"0":"post-75354","1":"product","2":"type-product","3":"status-publish","5":"product_cat-p","6":"pa_packungsgroesse-50ml","8":"first","9":"instock","10":"shipping-taxable","11":"purchasable","12":"product-type-simple"},"acf":[],"_links":{"self":[{"href":"https:\/\/www.hirtenberg-apotheke.at\/katalog\/wp-json\/wp\/v2\/product\/75354","targetHints":{"allow":["GET"]}}],"collection":[{"href":"https:\/\/www.hirtenberg-apotheke.at\/katalog\/wp-json\/wp\/v2\/product"}],"about":[{"href":"https:\/\/www.hirtenberg-apotheke.at\/katalog\/wp-json\/wp\/v2\/types\/product"}],"wp:attachment":[{"href":"https:\/\/www.hirtenberg-apotheke.at\/katalog\/wp-json\/wp\/v2\/media?parent=75354"}],"wp:term":[{"taxonomy":"product_brand","embeddable":true,"href":"https:\/\/www.hirtenberg-apotheke.at\/katalog\/wp-json\/wp\/v2\/product_brand?post=75354"},{"taxonomy":"product_cat","embeddable":true,"href":"https:\/\/www.hirtenberg-apotheke.at\/katalog\/wp-json\/wp\/v2\/product_cat?post=75354"},{"taxonomy":"product_tag","embeddable":true,"href":"https:\/\/www.hirtenberg-apotheke.at\/katalog\/wp-json\/wp\/v2\/product_tag?post=75354"}],"curies":[{"name":"wp","href":"https:\/\/api.w.org\/{rel}","templated":true}]}}