{"id":75356,"date":"2025-11-27T23:21:21","date_gmt":"2025-11-27T22:21:21","guid":{"rendered":"https:\/\/www.hirtenberg-apotheke.at\/katalog\/produkt\/pharmos-natur-balancing-cream-50-ml\/"},"modified":"2025-11-27T23:21:25","modified_gmt":"2025-11-27T22:21:25","slug":"pharmos-natur-balancing-cream-50-ml","status":"publish","type":"product","link":"https:\/\/www.hirtenberg-apotheke.at\/katalog\/produkt\/pharmos-natur-balancing-cream-50-ml\/","title":{"rendered":"PHARMOS NATUR Balancing Cream 50 ml"},"content":{"rendered":"<p>Die PHARMOS NATUR Balancing Cream spendet der Haut neue Lebenskraft und stellt das Gleichgewicht der Haut wieder her. Sie unterst\u00fctzt die Regeneration bei Couperose bedingten R\u00f6tungen. Bio Aloe Vera, Sheabutter, Jojoba\u00f6l und Allantoin wirken ausgleichend auf den Hautstoffwechsel. Die regenerierende Aloe Vera Pflege ist die ideale Gesichtspflege f\u00fcr die sensible Mischhaut und besonders geeignet bei Couperose. Als nat\u00fcrliche Aloe Vera Pflege und beruhigende Creme ist sie gleichzeitig eine mattierende Pflege f\u00fcr die sensible Mischhaut und verfeinert das Hautbild. Die Haut wird sch\u00f6n, glatt und samtig. Ideal als Tagespflege bei Mischhaut und als Nachtpflege f\u00fcr \u00f6lige Haut.<\/p>\n","protected":false},"excerpt":{"rendered":"<p>Die PHARMOS NATUR Balancing Cream spendet der Haut neue Lebenskraft und stellt das Gleichgewicht der Haut wieder her. Sie unterst\u00fctzt die Regeneration bei Couperose bedingten R\u00f6tungen. Bio Aloe Vera, Sheabutter, Jojoba\u00f6l und Allantoin wirken ausgleichend auf den Hautstoffwechsel. Die regenerierende Aloe Vera Pflege ist die ideale Gesichtspflege f\u00fcr die sensible Mischhaut und besonders geeignet bei [&hellip;]<\/p>\n","protected":false},"featured_media":0,"template":"","meta":{"_acf_changed":false},"product_brand":[],"product_cat":[302],"product_tag":[],"class_list":{"0":"post-75356","1":"product","2":"type-product","3":"status-publish","5":"product_cat-p","6":"pa_packungsgroesse-50ml","8":"first","9":"instock","10":"shipping-taxable","11":"purchasable","12":"product-type-simple"},"acf":[],"_links":{"self":[{"href":"https:\/\/www.hirtenberg-apotheke.at\/katalog\/wp-json\/wp\/v2\/product\/75356","targetHints":{"allow":["GET"]}}],"collection":[{"href":"https:\/\/www.hirtenberg-apotheke.at\/katalog\/wp-json\/wp\/v2\/product"}],"about":[{"href":"https:\/\/www.hirtenberg-apotheke.at\/katalog\/wp-json\/wp\/v2\/types\/product"}],"wp:attachment":[{"href":"https:\/\/www.hirtenberg-apotheke.at\/katalog\/wp-json\/wp\/v2\/media?parent=75356"}],"wp:term":[{"taxonomy":"product_brand","embeddable":true,"href":"https:\/\/www.hirtenberg-apotheke.at\/katalog\/wp-json\/wp\/v2\/product_brand?post=75356"},{"taxonomy":"product_cat","embeddable":true,"href":"https:\/\/www.hirtenberg-apotheke.at\/katalog\/wp-json\/wp\/v2\/product_cat?post=75356"},{"taxonomy":"product_tag","embeddable":true,"href":"https:\/\/www.hirtenberg-apotheke.at\/katalog\/wp-json\/wp\/v2\/product_tag?post=75356"}],"curies":[{"name":"wp","href":"https:\/\/api.w.org\/{rel}","templated":true}]}}