{"id":75358,"date":"2025-11-27T23:21:25","date_gmt":"2025-11-27T22:21:25","guid":{"rendered":"https:\/\/www.hirtenberg-apotheke.at\/katalog\/produkt\/pharmos-natur-nourishing-rose-cream-50-ml\/"},"modified":"2025-11-27T23:21:26","modified_gmt":"2025-11-27T22:21:26","slug":"pharmos-natur-nourishing-rose-cream-50-ml","status":"publish","type":"product","link":"https:\/\/www.hirtenberg-apotheke.at\/katalog\/produkt\/pharmos-natur-nourishing-rose-cream-50-ml\/","title":{"rendered":"PHARMOS NATUR Nourishing Rose Cream 50 ml"},"content":{"rendered":"<p>PHARMOS NATUR Nourishing Rose Cream ist eine n\u00e4hrstoffreiche Intensivpflege f\u00fcr Tag und Nacht. Sie verw\u00f6hnt anspruchsvolle, reife, trockene und durch Wettereinfl\u00fcsse angegriffene Haut. Die Haut wird glatt, zart und geschmeidig. Das Hautrelief wird harmonisiert. Kostbarer, zarter Rosenduft bringt K\u00f6rper, Geist und Seele in Einklang. Perfekt als Nachtpflege f\u00fcr trockene und empfindliche Haut.<\/p>\n","protected":false},"excerpt":{"rendered":"<p>PHARMOS NATUR Nourishing Rose Cream ist eine n\u00e4hrstoffreiche Intensivpflege f\u00fcr Tag und Nacht. Sie verw\u00f6hnt anspruchsvolle, reife, trockene und durch Wettereinfl\u00fcsse angegriffene Haut. Die Haut wird glatt, zart und geschmeidig. Das Hautrelief wird harmonisiert. Kostbarer, zarter Rosenduft bringt K\u00f6rper, Geist und Seele in Einklang. Perfekt als Nachtpflege f\u00fcr trockene und empfindliche Haut.<\/p>\n","protected":false},"featured_media":0,"template":"","meta":{"_acf_changed":false},"product_brand":[],"product_cat":[302],"product_tag":[],"class_list":{"0":"post-75358","1":"product","2":"type-product","3":"status-publish","5":"product_cat-p","6":"pa_packungsgroesse-50ml","8":"first","9":"instock","10":"shipping-taxable","11":"purchasable","12":"product-type-simple"},"acf":[],"_links":{"self":[{"href":"https:\/\/www.hirtenberg-apotheke.at\/katalog\/wp-json\/wp\/v2\/product\/75358","targetHints":{"allow":["GET"]}}],"collection":[{"href":"https:\/\/www.hirtenberg-apotheke.at\/katalog\/wp-json\/wp\/v2\/product"}],"about":[{"href":"https:\/\/www.hirtenberg-apotheke.at\/katalog\/wp-json\/wp\/v2\/types\/product"}],"wp:attachment":[{"href":"https:\/\/www.hirtenberg-apotheke.at\/katalog\/wp-json\/wp\/v2\/media?parent=75358"}],"wp:term":[{"taxonomy":"product_brand","embeddable":true,"href":"https:\/\/www.hirtenberg-apotheke.at\/katalog\/wp-json\/wp\/v2\/product_brand?post=75358"},{"taxonomy":"product_cat","embeddable":true,"href":"https:\/\/www.hirtenberg-apotheke.at\/katalog\/wp-json\/wp\/v2\/product_cat?post=75358"},{"taxonomy":"product_tag","embeddable":true,"href":"https:\/\/www.hirtenberg-apotheke.at\/katalog\/wp-json\/wp\/v2\/product_tag?post=75358"}],"curies":[{"name":"wp","href":"https:\/\/api.w.org\/{rel}","templated":true}]}}