{"id":75364,"date":"2025-11-27T23:21:28","date_gmt":"2025-11-27T22:21:28","guid":{"rendered":"https:\/\/www.hirtenberg-apotheke.at\/katalog\/produkt\/pharmos-natur-regenerating-mask-50-ml\/"},"modified":"2025-11-27T23:21:29","modified_gmt":"2025-11-27T22:21:29","slug":"pharmos-natur-regenerating-mask-50-ml","status":"publish","type":"product","link":"https:\/\/www.hirtenberg-apotheke.at\/katalog\/produkt\/pharmos-natur-regenerating-mask-50-ml\/","title":{"rendered":"PHARMOS NATUR Regenerating Mask 50 ml"},"content":{"rendered":"<p>PHARMOS NATUR Regenerating Mask ist eine Anti-Aging Maske zur Hautregeneration mit sofort wirksamer Faltengl\u00e4ttung schon nach der ersten Anwendung. Die nat\u00fcrliche Elastin- und Kollagenproduktion wird durch die Feuchtigkeitsmaske mit Anti-Aging Power angeregt. Bei regelm\u00e4\u00dfiger Anwendung verblassen Pigment- und Altersflecken. Diese tiefenwirkende Anti-Aging Pflege macht die Haut feinporig, geschmeidig und strahlend. Der Teint wirkt frisch, lebendig und ebenm\u00e4\u00dfig sch\u00f6n.<\/p>\n","protected":false},"excerpt":{"rendered":"<p>PHARMOS NATUR Regenerating Mask ist eine Anti-Aging Maske zur Hautregeneration mit sofort wirksamer Faltengl\u00e4ttung schon nach der ersten Anwendung. Die nat\u00fcrliche Elastin- und Kollagenproduktion wird durch die Feuchtigkeitsmaske mit Anti-Aging Power angeregt. Bei regelm\u00e4\u00dfiger Anwendung verblassen Pigment- und Altersflecken. Diese tiefenwirkende Anti-Aging Pflege macht die Haut feinporig, geschmeidig und strahlend. Der Teint wirkt frisch, lebendig [&hellip;]<\/p>\n","protected":false},"featured_media":0,"template":"","meta":{"_acf_changed":false},"product_brand":[],"product_cat":[302],"product_tag":[],"class_list":{"0":"post-75364","1":"product","2":"type-product","3":"status-publish","5":"product_cat-p","6":"pa_packungsgroesse-50ml","8":"first","9":"instock","10":"shipping-taxable","11":"purchasable","12":"product-type-simple"},"acf":[],"_links":{"self":[{"href":"https:\/\/www.hirtenberg-apotheke.at\/katalog\/wp-json\/wp\/v2\/product\/75364","targetHints":{"allow":["GET"]}}],"collection":[{"href":"https:\/\/www.hirtenberg-apotheke.at\/katalog\/wp-json\/wp\/v2\/product"}],"about":[{"href":"https:\/\/www.hirtenberg-apotheke.at\/katalog\/wp-json\/wp\/v2\/types\/product"}],"wp:attachment":[{"href":"https:\/\/www.hirtenberg-apotheke.at\/katalog\/wp-json\/wp\/v2\/media?parent=75364"}],"wp:term":[{"taxonomy":"product_brand","embeddable":true,"href":"https:\/\/www.hirtenberg-apotheke.at\/katalog\/wp-json\/wp\/v2\/product_brand?post=75364"},{"taxonomy":"product_cat","embeddable":true,"href":"https:\/\/www.hirtenberg-apotheke.at\/katalog\/wp-json\/wp\/v2\/product_cat?post=75364"},{"taxonomy":"product_tag","embeddable":true,"href":"https:\/\/www.hirtenberg-apotheke.at\/katalog\/wp-json\/wp\/v2\/product_tag?post=75364"}],"curies":[{"name":"wp","href":"https:\/\/api.w.org\/{rel}","templated":true}]}}