{"id":75394,"date":"2025-11-27T23:21:44","date_gmt":"2025-11-27T22:21:44","guid":{"rendered":"https:\/\/www.hirtenberg-apotheke.at\/katalog\/produkt\/nuxe-creme-fraiche-de-beaute-feuchtigkeitsspendende-express-pflege-24h-50-ml\/"},"modified":"2025-11-27T23:21:47","modified_gmt":"2025-11-27T22:21:47","slug":"nuxe-creme-fraiche-de-beaute-feuchtigkeitsspendende-express-pflege-24h-50-ml","status":"publish","type":"product","link":"https:\/\/www.hirtenberg-apotheke.at\/katalog\/produkt\/nuxe-creme-fraiche-de-beaute-feuchtigkeitsspendende-express-pflege-24h-50-ml\/","title":{"rendered":"Nuxe Creme Fraiche de Beaute Feuchtigkeitsspendende Express-Pflege 24h 50 ml"},"content":{"rendered":"<p>Creme Fraiche de Beaute Feuchtigkeitsspendende Express-Pflege ist der feuchtigkeitsspendende Express-Spr\u00fchnebel f\u00fcr das Gesicht f\u00fcr24 h Wirksamkeit.F\u00fcr alle Hauttypen geeignet &#8211; Frische Feuchtigkeitsversorgung mit dem Feuchtigkeitsspendenden Spr\u00fchnebel f\u00fcr das Gesicht Cr\u00e8me Fra\u00eeche\u00ae de Beaut\u00e9. Diese feuchtigkeitsspendende Creme im Sprayformat garantiert 24 h effiziente, schnelle Feuchtigkeitsversorgung. Dieser luftige Spr\u00fchnebel ist angereichert mit pflanzlicher S\u00fc\u00dfmandelmilch und h\u00fcllt das Gesicht in milchige Frische mit einem k\u00f6stlichen Orangenbl\u00fctenduft.<\/p>\n","protected":false},"excerpt":{"rendered":"<p>Creme Fraiche de Beaute Feuchtigkeitsspendende Express-Pflege ist der feuchtigkeitsspendende Express-Spr\u00fchnebel f\u00fcr das Gesicht f\u00fcr24 h Wirksamkeit.F\u00fcr alle Hauttypen geeignet &#8211; Frische Feuchtigkeitsversorgung mit dem Feuchtigkeitsspendenden Spr\u00fchnebel f\u00fcr das Gesicht Cr\u00e8me Fra\u00eeche\u00ae de Beaut\u00e9. Diese feuchtigkeitsspendende Creme im Sprayformat garantiert 24 h effiziente, schnelle Feuchtigkeitsversorgung. Dieser luftige Spr\u00fchnebel ist angereichert mit pflanzlicher S\u00fc\u00dfmandelmilch und h\u00fcllt das [&hellip;]<\/p>\n","protected":false},"featured_media":75396,"template":"","meta":{"_acf_changed":false},"product_brand":[720],"product_cat":[310],"product_tag":[],"class_list":{"0":"post-75394","1":"product","2":"type-product","3":"status-publish","4":"has-post-thumbnail","6":"product_brand-nuxe","7":"product_cat-n","8":"pa_packungsgroesse-50ml","10":"first","11":"instock","12":"shipping-taxable","13":"purchasable","14":"product-type-simple"},"acf":[],"_links":{"self":[{"href":"https:\/\/www.hirtenberg-apotheke.at\/katalog\/wp-json\/wp\/v2\/product\/75394","targetHints":{"allow":["GET"]}}],"collection":[{"href":"https:\/\/www.hirtenberg-apotheke.at\/katalog\/wp-json\/wp\/v2\/product"}],"about":[{"href":"https:\/\/www.hirtenberg-apotheke.at\/katalog\/wp-json\/wp\/v2\/types\/product"}],"wp:featuredmedia":[{"embeddable":true,"href":"https:\/\/www.hirtenberg-apotheke.at\/katalog\/wp-json\/wp\/v2\/media\/75396"}],"wp:attachment":[{"href":"https:\/\/www.hirtenberg-apotheke.at\/katalog\/wp-json\/wp\/v2\/media?parent=75394"}],"wp:term":[{"taxonomy":"product_brand","embeddable":true,"href":"https:\/\/www.hirtenberg-apotheke.at\/katalog\/wp-json\/wp\/v2\/product_brand?post=75394"},{"taxonomy":"product_cat","embeddable":true,"href":"https:\/\/www.hirtenberg-apotheke.at\/katalog\/wp-json\/wp\/v2\/product_cat?post=75394"},{"taxonomy":"product_tag","embeddable":true,"href":"https:\/\/www.hirtenberg-apotheke.at\/katalog\/wp-json\/wp\/v2\/product_tag?post=75394"}],"curies":[{"name":"wp","href":"https:\/\/api.w.org\/{rel}","templated":true}]}}