{"id":75401,"date":"2025-11-27T23:21:44","date_gmt":"2025-11-27T22:21:44","guid":{"rendered":"https:\/\/www.hirtenberg-apotheke.at\/katalog\/produkt\/sorry-mom-tattoo-balm-40-ml\/"},"modified":"2025-11-27T23:21:55","modified_gmt":"2025-11-27T22:21:55","slug":"sorry-mom-tattoo-balm-40-ml","status":"publish","type":"product","link":"https:\/\/www.hirtenberg-apotheke.at\/katalog\/produkt\/sorry-mom-tattoo-balm-40-ml\/","title":{"rendered":"SORRY MOM Tattoo Balm 40 ml"},"content":{"rendered":"<p>SORRY MOM Tattoo Balm ist ein Regenerationsbalsam, der der Haut eine perfekte Unterst\u00fctzung f\u00fcr den Heilungsprozess bietet. Er wirkt entz\u00fcndungshemmend und beruhigend und hilft Irritationen und Juckreiz vorzubeugen.<\/p>\n","protected":false},"excerpt":{"rendered":"<p>SORRY MOM Tattoo Balm ist ein Regenerationsbalsam, der der Haut eine perfekte Unterst\u00fctzung f\u00fcr den Heilungsprozess bietet. Er wirkt entz\u00fcndungshemmend und beruhigend und hilft Irritationen und Juckreiz vorzubeugen.<\/p>\n","protected":false},"featured_media":0,"template":"","meta":{"_acf_changed":false},"product_brand":[],"product_cat":[303],"product_tag":[],"class_list":{"0":"post-75401","1":"product","2":"type-product","3":"status-publish","5":"product_cat-s","6":"pa_packungsgroesse-40ml","8":"first","9":"instock","10":"shipping-taxable","11":"purchasable","12":"product-type-simple"},"acf":[],"_links":{"self":[{"href":"https:\/\/www.hirtenberg-apotheke.at\/katalog\/wp-json\/wp\/v2\/product\/75401","targetHints":{"allow":["GET"]}}],"collection":[{"href":"https:\/\/www.hirtenberg-apotheke.at\/katalog\/wp-json\/wp\/v2\/product"}],"about":[{"href":"https:\/\/www.hirtenberg-apotheke.at\/katalog\/wp-json\/wp\/v2\/types\/product"}],"wp:attachment":[{"href":"https:\/\/www.hirtenberg-apotheke.at\/katalog\/wp-json\/wp\/v2\/media?parent=75401"}],"wp:term":[{"taxonomy":"product_brand","embeddable":true,"href":"https:\/\/www.hirtenberg-apotheke.at\/katalog\/wp-json\/wp\/v2\/product_brand?post=75401"},{"taxonomy":"product_cat","embeddable":true,"href":"https:\/\/www.hirtenberg-apotheke.at\/katalog\/wp-json\/wp\/v2\/product_cat?post=75401"},{"taxonomy":"product_tag","embeddable":true,"href":"https:\/\/www.hirtenberg-apotheke.at\/katalog\/wp-json\/wp\/v2\/product_tag?post=75401"}],"curies":[{"name":"wp","href":"https:\/\/api.w.org\/{rel}","templated":true}]}}