{"id":75413,"date":"2025-11-27T23:21:58","date_gmt":"2025-11-27T22:21:58","guid":{"rendered":"https:\/\/www.hirtenberg-apotheke.at\/katalog\/produkt\/sorry-mom-aftercare-kit-1-pkg\/"},"modified":"2025-11-27T23:22:02","modified_gmt":"2025-11-27T22:22:02","slug":"sorry-mom-aftercare-kit-1-pkg","status":"publish","type":"product","link":"https:\/\/www.hirtenberg-apotheke.at\/katalog\/produkt\/sorry-mom-aftercare-kit-1-pkg\/","title":{"rendered":"SORRY MOM Aftercare Kit 1 Pkg."},"content":{"rendered":"<p>Das Aftercare Kit von SORRY MOM enth\u00e4lt alles, was Sie f\u00fcr eine ordnungsgem\u00e4\u00dfe Heilung &#038; langfristige Nachsorge ben\u00f6tigen. Es enth\u00e4lt einen Balsam, eine Lotion und einen Sonnenschutz.<\/p>\n","protected":false},"excerpt":{"rendered":"<p>Das Aftercare Kit von SORRY MOM enth\u00e4lt alles, was Sie f\u00fcr eine ordnungsgem\u00e4\u00dfe Heilung &#038; langfristige Nachsorge ben\u00f6tigen. Es enth\u00e4lt einen Balsam, eine Lotion und einen Sonnenschutz.<\/p>\n","protected":false},"featured_media":0,"template":"","meta":{"_acf_changed":false},"product_brand":[],"product_cat":[303],"product_tag":[],"class_list":{"0":"post-75413","1":"product","2":"type-product","3":"status-publish","5":"product_cat-s","6":"pa_packungsgroesse-482","8":"first","9":"instock","10":"shipping-taxable","11":"purchasable","12":"product-type-simple"},"acf":[],"_links":{"self":[{"href":"https:\/\/www.hirtenberg-apotheke.at\/katalog\/wp-json\/wp\/v2\/product\/75413","targetHints":{"allow":["GET"]}}],"collection":[{"href":"https:\/\/www.hirtenberg-apotheke.at\/katalog\/wp-json\/wp\/v2\/product"}],"about":[{"href":"https:\/\/www.hirtenberg-apotheke.at\/katalog\/wp-json\/wp\/v2\/types\/product"}],"wp:attachment":[{"href":"https:\/\/www.hirtenberg-apotheke.at\/katalog\/wp-json\/wp\/v2\/media?parent=75413"}],"wp:term":[{"taxonomy":"product_brand","embeddable":true,"href":"https:\/\/www.hirtenberg-apotheke.at\/katalog\/wp-json\/wp\/v2\/product_brand?post=75413"},{"taxonomy":"product_cat","embeddable":true,"href":"https:\/\/www.hirtenberg-apotheke.at\/katalog\/wp-json\/wp\/v2\/product_cat?post=75413"},{"taxonomy":"product_tag","embeddable":true,"href":"https:\/\/www.hirtenberg-apotheke.at\/katalog\/wp-json\/wp\/v2\/product_tag?post=75413"}],"curies":[{"name":"wp","href":"https:\/\/api.w.org\/{rel}","templated":true}]}}