{"id":75531,"date":"2025-11-27T23:24:29","date_gmt":"2025-11-27T22:24:29","guid":{"rendered":"https:\/\/www.hirtenberg-apotheke.at\/katalog\/produkt\/lefax-intens-fluessigkapseln-20-stk\/"},"modified":"2025-11-27T23:24:48","modified_gmt":"2025-11-27T22:24:48","slug":"lefax-intens-fluessigkapseln-20-stk","status":"publish","type":"product","link":"https:\/\/www.hirtenberg-apotheke.at\/katalog\/produkt\/lefax-intens-fluessigkapseln-20-stk\/","title":{"rendered":"Lefax intens Fl\u00fcssigkapseln 20 Stk."},"content":{"rendered":"<p>Lefax\u00ae intens ist das h\u00f6chst dosierte Lefax\u00ae-Produkt und hilft daher besonders bei st\u00e4rkeren Beschwerden. Das Anwendungsgebiet umfasst die Linderung und Behandlung von gasbedingten Magen-Darm-Beschwerden wie Bl\u00e4hungen (Meteorismus), V\u00f6llegef\u00fchl, krampfartigen Bauchschmerzen oder Aufsto\u00dfen. Ebenfalls wird es zur Vorbereitung von diagnostischen Untersuchungen im Bauchbereich herangezogen, zum Beispiel vor einer R\u00f6ntgenuntersuchung oder einer Endoskopie.<\/p>\n","protected":false},"excerpt":{"rendered":"<p>Lefax\u00ae intens ist das h\u00f6chst dosierte Lefax\u00ae-Produkt und hilft daher besonders bei st\u00e4rkeren Beschwerden. Das Anwendungsgebiet umfasst die Linderung und Behandlung von gasbedingten Magen-Darm-Beschwerden wie Bl\u00e4hungen (Meteorismus), V\u00f6llegef\u00fchl, krampfartigen Bauchschmerzen oder Aufsto\u00dfen. Ebenfalls wird es zur Vorbereitung von diagnostischen Untersuchungen im Bauchbereich herangezogen, zum Beispiel vor einer R\u00f6ntgenuntersuchung oder einer Endoskopie.<\/p>\n","protected":false},"featured_media":75533,"template":"","meta":{"_acf_changed":false},"product_brand":[],"product_cat":[317],"product_tag":[],"class_list":{"0":"post-75531","1":"product","2":"type-product","3":"status-publish","4":"has-post-thumbnail","6":"product_cat-l","7":"pa_packungsgroesse-20-stueck","9":"first","10":"instock","11":"shipping-taxable","12":"purchasable","13":"product-type-simple"},"acf":[],"_links":{"self":[{"href":"https:\/\/www.hirtenberg-apotheke.at\/katalog\/wp-json\/wp\/v2\/product\/75531","targetHints":{"allow":["GET"]}}],"collection":[{"href":"https:\/\/www.hirtenberg-apotheke.at\/katalog\/wp-json\/wp\/v2\/product"}],"about":[{"href":"https:\/\/www.hirtenberg-apotheke.at\/katalog\/wp-json\/wp\/v2\/types\/product"}],"wp:featuredmedia":[{"embeddable":true,"href":"https:\/\/www.hirtenberg-apotheke.at\/katalog\/wp-json\/wp\/v2\/media\/75533"}],"wp:attachment":[{"href":"https:\/\/www.hirtenberg-apotheke.at\/katalog\/wp-json\/wp\/v2\/media?parent=75531"}],"wp:term":[{"taxonomy":"product_brand","embeddable":true,"href":"https:\/\/www.hirtenberg-apotheke.at\/katalog\/wp-json\/wp\/v2\/product_brand?post=75531"},{"taxonomy":"product_cat","embeddable":true,"href":"https:\/\/www.hirtenberg-apotheke.at\/katalog\/wp-json\/wp\/v2\/product_cat?post=75531"},{"taxonomy":"product_tag","embeddable":true,"href":"https:\/\/www.hirtenberg-apotheke.at\/katalog\/wp-json\/wp\/v2\/product_tag?post=75531"}],"curies":[{"name":"wp","href":"https:\/\/api.w.org\/{rel}","templated":true}]}}