{"id":75574,"date":"2025-11-27T23:25:48","date_gmt":"2025-11-27T22:25:48","guid":{"rendered":"https:\/\/www.hirtenberg-apotheke.at\/katalog\/produkt\/dr-hauschka-haartonikum-100-ml\/"},"modified":"2025-11-27T23:26:02","modified_gmt":"2025-11-27T22:26:02","slug":"dr-hauschka-haartonikum-100-ml","status":"publish","type":"product","link":"https:\/\/www.hirtenberg-apotheke.at\/katalog\/produkt\/dr-hauschka-haartonikum-100-ml\/","title":{"rendered":"Dr. Hauschka Haartonikum 100 ml"},"content":{"rendered":"<p>Das Haartonikum ist eine regulierende und kr\u00e4ftigende Pflege f\u00fcr jede Kopfhaut und jedes Haar. Die \u00f6lfreie Komposition mit Neem, Brennnessel, Birkenrinde, Arnika und Klettenwurzel wirkt wohltuend auf unterschiedliche Kopfhaut- und Haarbed\u00fcrfnisse. Bei zu hoher Fettproduktion hat das Haartonikum eine normalisierende Wirkung, Schuppenbildung kann dadurch vorgebeugt werden. Feinem Haar schenkt es mehr F\u00fclle und Festigkeit.<\/p>\n","protected":false},"excerpt":{"rendered":"<p>Das Haartonikum ist eine regulierende und kr\u00e4ftigende Pflege f\u00fcr jede Kopfhaut und jedes Haar. Die \u00f6lfreie Komposition mit Neem, Brennnessel, Birkenrinde, Arnika und Klettenwurzel wirkt wohltuend auf unterschiedliche Kopfhaut- und Haarbed\u00fcrfnisse. Bei zu hoher Fettproduktion hat das Haartonikum eine normalisierende Wirkung, Schuppenbildung kann dadurch vorgebeugt werden. Feinem Haar schenkt es mehr F\u00fclle und Festigkeit.<\/p>\n","protected":false},"featured_media":0,"template":"","meta":{"_acf_changed":false},"product_brand":[695],"product_cat":[295],"product_tag":[],"class_list":{"0":"post-75574","1":"product","2":"type-product","3":"status-publish","5":"product_brand-dr-hauschka","6":"product_cat-d","7":"pa_packungsgroesse-100ml","9":"first","10":"instock","11":"shipping-taxable","12":"purchasable","13":"product-type-simple"},"acf":[],"_links":{"self":[{"href":"https:\/\/www.hirtenberg-apotheke.at\/katalog\/wp-json\/wp\/v2\/product\/75574","targetHints":{"allow":["GET"]}}],"collection":[{"href":"https:\/\/www.hirtenberg-apotheke.at\/katalog\/wp-json\/wp\/v2\/product"}],"about":[{"href":"https:\/\/www.hirtenberg-apotheke.at\/katalog\/wp-json\/wp\/v2\/types\/product"}],"wp:attachment":[{"href":"https:\/\/www.hirtenberg-apotheke.at\/katalog\/wp-json\/wp\/v2\/media?parent=75574"}],"wp:term":[{"taxonomy":"product_brand","embeddable":true,"href":"https:\/\/www.hirtenberg-apotheke.at\/katalog\/wp-json\/wp\/v2\/product_brand?post=75574"},{"taxonomy":"product_cat","embeddable":true,"href":"https:\/\/www.hirtenberg-apotheke.at\/katalog\/wp-json\/wp\/v2\/product_cat?post=75574"},{"taxonomy":"product_tag","embeddable":true,"href":"https:\/\/www.hirtenberg-apotheke.at\/katalog\/wp-json\/wp\/v2\/product_tag?post=75574"}],"curies":[{"name":"wp","href":"https:\/\/api.w.org\/{rel}","templated":true}]}}