{"id":75611,"date":"2025-11-27T23:26:26","date_gmt":"2025-11-27T22:26:26","guid":{"rendered":"https:\/\/www.hirtenberg-apotheke.at\/katalog\/produkt\/eucerin-aquaphor-protect-and-repair-bodyspray-250-ml\/"},"modified":"2025-11-27T23:26:48","modified_gmt":"2025-11-27T22:26:48","slug":"eucerin-aquaphor-protect-and-repair-bodyspray-250-ml","status":"publish","type":"product","link":"https:\/\/www.hirtenberg-apotheke.at\/katalog\/produkt\/eucerin-aquaphor-protect-and-repair-bodyspray-250-ml\/","title":{"rendered":"Eucerin Aquaphor Protect and Repair Bodyspray 250 ml"},"content":{"rendered":"<p>Spr\u00f6de, raue und rissige Hautpartien brauchen besondere Aufmerksamkeit und intensive Pflege. Eucerin bringt jetzt f\u00fcr diese Pflegeanspr\u00fcche die bew\u00e4hrte Aquaphor Salbe in einem neuen Anwendungsformat auf den Markt. Der neue Aquaphor Protect &#038; Repair Spray enth\u00e4lt die bew\u00e4hrte Formel der Aquaphor Repair-Salbe und sorgt f\u00fcr eine einfache und unkomplizierte Pflege strapazierter Haut.  Zudem wird eine schnelle Hautregeneration gef\u00f6rdert. Das K\u00f6rperspray Eucerin Aquaphor gew\u00e4hrt Ihnen jederzeit eine angenehme Erfrischung. Spendet Feuchtigkeit, pflegt die Haut und verbessert die Hautfestigkeit.<\/p>\n","protected":false},"excerpt":{"rendered":"<p>Spr\u00f6de, raue und rissige Hautpartien brauchen besondere Aufmerksamkeit und intensive Pflege. Eucerin bringt jetzt f\u00fcr diese Pflegeanspr\u00fcche die bew\u00e4hrte Aquaphor Salbe in einem neuen Anwendungsformat auf den Markt. Der neue Aquaphor Protect &#038; Repair Spray enth\u00e4lt die bew\u00e4hrte Formel der Aquaphor Repair-Salbe und sorgt f\u00fcr eine einfache und unkomplizierte Pflege strapazierter Haut. Zudem wird eine [&hellip;]<\/p>\n","protected":false},"featured_media":75613,"template":"","meta":{"_acf_changed":false},"product_brand":[694],"product_cat":[307],"product_tag":[],"class_list":{"0":"post-75611","1":"product","2":"type-product","3":"status-publish","4":"has-post-thumbnail","6":"product_brand-eucerin","7":"product_cat-e","8":"pa_packungsgroesse-250ml","10":"first","11":"instock","12":"shipping-taxable","13":"purchasable","14":"product-type-simple"},"acf":[],"_links":{"self":[{"href":"https:\/\/www.hirtenberg-apotheke.at\/katalog\/wp-json\/wp\/v2\/product\/75611","targetHints":{"allow":["GET"]}}],"collection":[{"href":"https:\/\/www.hirtenberg-apotheke.at\/katalog\/wp-json\/wp\/v2\/product"}],"about":[{"href":"https:\/\/www.hirtenberg-apotheke.at\/katalog\/wp-json\/wp\/v2\/types\/product"}],"wp:featuredmedia":[{"embeddable":true,"href":"https:\/\/www.hirtenberg-apotheke.at\/katalog\/wp-json\/wp\/v2\/media\/75613"}],"wp:attachment":[{"href":"https:\/\/www.hirtenberg-apotheke.at\/katalog\/wp-json\/wp\/v2\/media?parent=75611"}],"wp:term":[{"taxonomy":"product_brand","embeddable":true,"href":"https:\/\/www.hirtenberg-apotheke.at\/katalog\/wp-json\/wp\/v2\/product_brand?post=75611"},{"taxonomy":"product_cat","embeddable":true,"href":"https:\/\/www.hirtenberg-apotheke.at\/katalog\/wp-json\/wp\/v2\/product_cat?post=75611"},{"taxonomy":"product_tag","embeddable":true,"href":"https:\/\/www.hirtenberg-apotheke.at\/katalog\/wp-json\/wp\/v2\/product_tag?post=75611"}],"curies":[{"name":"wp","href":"https:\/\/api.w.org\/{rel}","templated":true}]}}