{"id":75868,"date":"2025-11-27T23:34:01","date_gmt":"2025-11-27T22:34:01","guid":{"rendered":"https:\/\/www.hirtenberg-apotheke.at\/katalog\/produkt\/sonnentor-kraeuertee-fenchel-anis-kuemmel-18-btl\/"},"modified":"2025-11-27T23:34:07","modified_gmt":"2025-11-27T22:34:07","slug":"sonnentor-kraeuertee-fenchel-anis-kuemmel-18-btl","status":"publish","type":"product","link":"https:\/\/www.hirtenberg-apotheke.at\/katalog\/produkt\/sonnentor-kraeuertee-fenchel-anis-kuemmel-18-btl\/","title":{"rendered":"Sonnentor Kr\u00e4uertee Fenchel Anis K\u00fcmmel 18 Btl."},"content":{"rendered":"<p>Dicke Luft? Mit diesem bek\u00f6mmlichen Trio aus Fenchel, Anis und K\u00fcmmel ist die Schwere im Bauch wie vom Winde verweht. Die w\u00fcrzig-s\u00fc\u00dfliche Teemischung ist der perfekte Digestif nach deftigen Gerichten. V\u00f6lle losgel\u00f6st!<\/p>\n","protected":false},"excerpt":{"rendered":"<p>Dicke Luft? Mit diesem bek\u00f6mmlichen Trio aus Fenchel, Anis und K\u00fcmmel ist die Schwere im Bauch wie vom Winde verweht. Die w\u00fcrzig-s\u00fc\u00dfliche Teemischung ist der perfekte Digestif nach deftigen Gerichten. V\u00f6lle losgel\u00f6st!<\/p>\n","protected":false},"featured_media":75870,"template":"","meta":{"_acf_changed":false},"product_brand":[917],"product_cat":[303],"product_tag":[],"class_list":{"0":"post-75868","1":"product","2":"type-product","3":"status-publish","4":"has-post-thumbnail","6":"product_brand-sonnentor","7":"product_cat-s","8":"pa_packungsgroesse-18-beutel","10":"first","11":"instock","12":"shipping-taxable","13":"purchasable","14":"product-type-simple"},"acf":[],"_links":{"self":[{"href":"https:\/\/www.hirtenberg-apotheke.at\/katalog\/wp-json\/wp\/v2\/product\/75868","targetHints":{"allow":["GET"]}}],"collection":[{"href":"https:\/\/www.hirtenberg-apotheke.at\/katalog\/wp-json\/wp\/v2\/product"}],"about":[{"href":"https:\/\/www.hirtenberg-apotheke.at\/katalog\/wp-json\/wp\/v2\/types\/product"}],"wp:featuredmedia":[{"embeddable":true,"href":"https:\/\/www.hirtenberg-apotheke.at\/katalog\/wp-json\/wp\/v2\/media\/75870"}],"wp:attachment":[{"href":"https:\/\/www.hirtenberg-apotheke.at\/katalog\/wp-json\/wp\/v2\/media?parent=75868"}],"wp:term":[{"taxonomy":"product_brand","embeddable":true,"href":"https:\/\/www.hirtenberg-apotheke.at\/katalog\/wp-json\/wp\/v2\/product_brand?post=75868"},{"taxonomy":"product_cat","embeddable":true,"href":"https:\/\/www.hirtenberg-apotheke.at\/katalog\/wp-json\/wp\/v2\/product_cat?post=75868"},{"taxonomy":"product_tag","embeddable":true,"href":"https:\/\/www.hirtenberg-apotheke.at\/katalog\/wp-json\/wp\/v2\/product_tag?post=75868"}],"curies":[{"name":"wp","href":"https:\/\/api.w.org\/{rel}","templated":true}]}}