{"id":75935,"date":"2025-11-27T23:35:35","date_gmt":"2025-11-27T22:35:35","guid":{"rendered":"https:\/\/www.hirtenberg-apotheke.at\/katalog\/produkt\/neydent-zahncreme\/"},"modified":"2025-11-27T23:36:00","modified_gmt":"2025-11-27T22:36:00","slug":"neydent-zahncreme","status":"publish","type":"product","link":"https:\/\/www.hirtenberg-apotheke.at\/katalog\/produkt\/neydent-zahncreme\/","title":{"rendered":"Neydent Zahncreme"},"content":{"rendered":"<p>Neydent Zahncreme verh\u00fctet und heilt Zahnfleischbluten. Zudem wird die Creme bei Infektionen und Entz\u00fcndungen der Mundh\u00f6hle angewendet. Auch bei locker werdenden Z\u00e4hnen, schlechtem Mundgeruch, Reizerscheinigungen und Schmerzen im Mundraum ist diese Creme das Mittel erster Wahl. Dar\u00fcber hinaus verhindert sie Karies, beseitigt Schmerzen bei \u00fcberempfindlichen Zahnh\u00e4lsen und strafft das Zahnfleisch.<\/p>\n","protected":false},"excerpt":{"rendered":"<p>Neydent Zahncreme verh\u00fctet und heilt Zahnfleischbluten. Zudem wird die Creme bei Infektionen und Entz\u00fcndungen der Mundh\u00f6hle angewendet. Auch bei locker werdenden Z\u00e4hnen, schlechtem Mundgeruch, Reizerscheinigungen und Schmerzen im Mundraum ist diese Creme das Mittel erster Wahl. Dar\u00fcber hinaus verhindert sie Karies, beseitigt Schmerzen bei \u00fcberempfindlichen Zahnh\u00e4lsen und strafft das Zahnfleisch.<\/p>\n","protected":false},"featured_media":75937,"template":"","meta":{"_acf_changed":false},"product_brand":[],"product_cat":[310],"product_tag":[],"class_list":{"0":"post-75935","1":"product","2":"type-product","3":"status-publish","4":"has-post-thumbnail","6":"product_cat-n","7":"pa_packungsgroesse-50ml","9":"first","10":"instock","11":"shipping-taxable","12":"purchasable","13":"product-type-simple"},"acf":[],"_links":{"self":[{"href":"https:\/\/www.hirtenberg-apotheke.at\/katalog\/wp-json\/wp\/v2\/product\/75935","targetHints":{"allow":["GET"]}}],"collection":[{"href":"https:\/\/www.hirtenberg-apotheke.at\/katalog\/wp-json\/wp\/v2\/product"}],"about":[{"href":"https:\/\/www.hirtenberg-apotheke.at\/katalog\/wp-json\/wp\/v2\/types\/product"}],"wp:featuredmedia":[{"embeddable":true,"href":"https:\/\/www.hirtenberg-apotheke.at\/katalog\/wp-json\/wp\/v2\/media\/75937"}],"wp:attachment":[{"href":"https:\/\/www.hirtenberg-apotheke.at\/katalog\/wp-json\/wp\/v2\/media?parent=75935"}],"wp:term":[{"taxonomy":"product_brand","embeddable":true,"href":"https:\/\/www.hirtenberg-apotheke.at\/katalog\/wp-json\/wp\/v2\/product_brand?post=75935"},{"taxonomy":"product_cat","embeddable":true,"href":"https:\/\/www.hirtenberg-apotheke.at\/katalog\/wp-json\/wp\/v2\/product_cat?post=75935"},{"taxonomy":"product_tag","embeddable":true,"href":"https:\/\/www.hirtenberg-apotheke.at\/katalog\/wp-json\/wp\/v2\/product_tag?post=75935"}],"curies":[{"name":"wp","href":"https:\/\/api.w.org\/{rel}","templated":true}]}}