{"id":76175,"date":"2025-11-27T23:40:13","date_gmt":"2025-11-27T22:40:13","guid":{"rendered":"https:\/\/www.hirtenberg-apotheke.at\/katalog\/produkt\/xlips-egf-6-ml\/"},"modified":"2025-11-27T23:40:56","modified_gmt":"2025-11-27T22:40:56","slug":"xlips-egf-6-ml","status":"publish","type":"product","link":"https:\/\/www.hirtenberg-apotheke.at\/katalog\/produkt\/xlips-egf-6-ml\/","title":{"rendered":"Xlips EGF 6 ml"},"content":{"rendered":"<p>Xlips EGF ist reich an N\u00e4hrstoffen, sanft zur Haut und feuchtigkeitsspendend. Dieses Lippenbalsam hat einzigartige Reparatur f\u00fcr sehr trockene und rissige Lippen. Durch seine konzentrierte Formel unterst\u00fctzt Xlips EGF die Regeneration der nat\u00fcrlichen Schutzbarriere empfindlicher Lippen. Die Haut kann sich mithilfe der einzigartigen Anti-Aging-Komponente EGF (Epidermal Growth Factor) gegen negative Umwelteinfl\u00fcsse und Alterungsprozesse sch\u00fctzen. EGF ist ein Polypetid, welches das Wachstum der epidermalen Zellen stimuliert &#8211; dieses und weitere Produkte von Xlash mit hohem Rabatt bestellen!<\/p>\n","protected":false},"excerpt":{"rendered":"<p>Xlips EGF ist reich an N\u00e4hrstoffen, sanft zur Haut und feuchtigkeitsspendend. Dieses Lippenbalsam hat einzigartige Reparatur f\u00fcr sehr trockene und rissige Lippen. Durch seine konzentrierte Formel unterst\u00fctzt Xlips EGF die Regeneration der nat\u00fcrlichen Schutzbarriere empfindlicher Lippen. Die Haut kann sich mithilfe der einzigartigen Anti-Aging-Komponente EGF (Epidermal Growth Factor) gegen negative Umwelteinfl\u00fcsse und Alterungsprozesse sch\u00fctzen. EGF [&hellip;]<\/p>\n","protected":false},"featured_media":76177,"template":"","meta":{"_acf_changed":false},"product_brand":[],"product_cat":[514],"product_tag":[],"class_list":{"0":"post-76175","1":"product","2":"type-product","3":"status-publish","4":"has-post-thumbnail","6":"product_cat-x","7":"pa_packungsgroesse-6ml","9":"first","10":"instock","11":"shipping-taxable","12":"purchasable","13":"product-type-simple"},"acf":[],"_links":{"self":[{"href":"https:\/\/www.hirtenberg-apotheke.at\/katalog\/wp-json\/wp\/v2\/product\/76175","targetHints":{"allow":["GET"]}}],"collection":[{"href":"https:\/\/www.hirtenberg-apotheke.at\/katalog\/wp-json\/wp\/v2\/product"}],"about":[{"href":"https:\/\/www.hirtenberg-apotheke.at\/katalog\/wp-json\/wp\/v2\/types\/product"}],"wp:featuredmedia":[{"embeddable":true,"href":"https:\/\/www.hirtenberg-apotheke.at\/katalog\/wp-json\/wp\/v2\/media\/76177"}],"wp:attachment":[{"href":"https:\/\/www.hirtenberg-apotheke.at\/katalog\/wp-json\/wp\/v2\/media?parent=76175"}],"wp:term":[{"taxonomy":"product_brand","embeddable":true,"href":"https:\/\/www.hirtenberg-apotheke.at\/katalog\/wp-json\/wp\/v2\/product_brand?post=76175"},{"taxonomy":"product_cat","embeddable":true,"href":"https:\/\/www.hirtenberg-apotheke.at\/katalog\/wp-json\/wp\/v2\/product_cat?post=76175"},{"taxonomy":"product_tag","embeddable":true,"href":"https:\/\/www.hirtenberg-apotheke.at\/katalog\/wp-json\/wp\/v2\/product_tag?post=76175"}],"curies":[{"name":"wp","href":"https:\/\/api.w.org\/{rel}","templated":true}]}}