{"id":76324,"date":"2025-11-27T23:44:45","date_gmt":"2025-11-27T22:44:45","guid":{"rendered":"https:\/\/www.hirtenberg-apotheke.at\/katalog\/produkt\/nicapur-spermidin-cell-kapseln-60-stk\/"},"modified":"2025-11-27T23:45:06","modified_gmt":"2025-11-27T22:45:06","slug":"nicapur-spermidin-cell-kapseln-60-stk","status":"publish","type":"product","link":"https:\/\/www.hirtenberg-apotheke.at\/katalog\/produkt\/nicapur-spermidin-cell-kapseln-60-stk\/","title":{"rendered":"Nicapur Spermidin Cell+ Kapseln 60 Stk."},"content":{"rendered":"<p>Spermidin ist in aller Munde! Denn es gilt als Liebling f\u00fcr Good-Aging. Das neue Produkt Spermidin Cell+ hat eine wichtige Aufgabe: den Selbstreiniungsprozess, also die Autophagie, zu aktivieren. Damit die Zellen frisch und gesund gehalten werden. Zink unterst\u00fctzt die Zellteilung und sch\u00fctzt die Zellen vor oxidativem Stress, der durch freie Radikale entsteht und tr\u00e4gt au\u00dferdem zu einem normalen Fetts\u00e4ure- und Kohlenhydrat-Stoffwechsel bei. Spermidin ist eine k\u00f6rpereigene Substanz, die mit zunehmendem Alter abnimmt und durch das Produkt dem K\u00f6rper wieder zugef\u00fchrt wird.<\/p>\n","protected":false},"excerpt":{"rendered":"<p>Spermidin ist in aller Munde! Denn es gilt als Liebling f\u00fcr Good-Aging. Das neue Produkt Spermidin Cell+ hat eine wichtige Aufgabe: den Selbstreiniungsprozess, also die Autophagie, zu aktivieren. Damit die Zellen frisch und gesund gehalten werden. Zink unterst\u00fctzt die Zellteilung und sch\u00fctzt die Zellen vor oxidativem Stress, der durch freie Radikale entsteht und tr\u00e4gt au\u00dferdem [&hellip;]<\/p>\n","protected":false},"featured_media":76326,"template":"","meta":{"_acf_changed":false},"product_brand":[309],"product_cat":[310],"product_tag":[],"class_list":{"0":"post-76324","1":"product","2":"type-product","3":"status-publish","4":"has-post-thumbnail","6":"product_brand-nicapur","7":"product_cat-n","8":"pa_packungsgroesse-60-stueck","10":"first","11":"instock","12":"shipping-taxable","13":"purchasable","14":"product-type-simple"},"acf":[],"_links":{"self":[{"href":"https:\/\/www.hirtenberg-apotheke.at\/katalog\/wp-json\/wp\/v2\/product\/76324","targetHints":{"allow":["GET"]}}],"collection":[{"href":"https:\/\/www.hirtenberg-apotheke.at\/katalog\/wp-json\/wp\/v2\/product"}],"about":[{"href":"https:\/\/www.hirtenberg-apotheke.at\/katalog\/wp-json\/wp\/v2\/types\/product"}],"wp:featuredmedia":[{"embeddable":true,"href":"https:\/\/www.hirtenberg-apotheke.at\/katalog\/wp-json\/wp\/v2\/media\/76326"}],"wp:attachment":[{"href":"https:\/\/www.hirtenberg-apotheke.at\/katalog\/wp-json\/wp\/v2\/media?parent=76324"}],"wp:term":[{"taxonomy":"product_brand","embeddable":true,"href":"https:\/\/www.hirtenberg-apotheke.at\/katalog\/wp-json\/wp\/v2\/product_brand?post=76324"},{"taxonomy":"product_cat","embeddable":true,"href":"https:\/\/www.hirtenberg-apotheke.at\/katalog\/wp-json\/wp\/v2\/product_cat?post=76324"},{"taxonomy":"product_tag","embeddable":true,"href":"https:\/\/www.hirtenberg-apotheke.at\/katalog\/wp-json\/wp\/v2\/product_tag?post=76324"}],"curies":[{"name":"wp","href":"https:\/\/api.w.org\/{rel}","templated":true}]}}