{"id":77868,"date":"2025-11-28T02:06:51","date_gmt":"2025-11-28T01:06:51","guid":{"rendered":"https:\/\/www.hirtenberg-apotheke.at\/katalog\/produkt\/biretix-tri-active-spray-100ml\/"},"modified":"2025-11-28T02:07:14","modified_gmt":"2025-11-28T01:07:14","slug":"biretix-tri-active-spray-100ml","status":"publish","type":"product","link":"https:\/\/www.hirtenberg-apotheke.at\/katalog\/produkt\/biretix-tri-active-spray-100ml\/","title":{"rendered":"Biretix Tri-Active Spray 100ml"},"content":{"rendered":"<p>Biretix Tri-Active Spray 100ml regt durch die leicht sch\u00e4lenden Eigenschaften die Zellerneuerung an und beugt der Entstehung neuer Unreinheiten vor. Die innovative\u00a0RetinSphere\u00ae Technologie\u00a0schleust das Vitamin A sanft und ohne unerw\u00fcnschte Wirkungen in die Haut ein. Vitamin A wirkt einer neuerlichen Verstopfung der Poren entgegen. Die Kombination mit dem gegen Aknekeime wirksamen Komplex\u00a0BIOPEP-15\u00a0ist f\u00fcr die hervorragende Wirksamkeit und au\u00dfergew\u00f6hnliche Vertr\u00e4glichkeit von BIRETIX Tri-Active Spray verantwortlich. Die enthaltene Glykols\u00e4ure sch\u00e4lt sanft, Niacinamid wirkt Irritationen entgegen, Talg regulierend und reinigend. Diese kosmetische Aknebehandlung f\u00fcr den K\u00f6rper wirkt antioxidativ und neutralisiert die durch Entz\u00fcndungsreaktionen entstandenen freien Radikale.<\/p>\n","protected":false},"excerpt":{"rendered":"<p>Biretix Tri-Active Spray 100ml regt durch die leicht sch\u00e4lenden Eigenschaften die Zellerneuerung an und beugt der Entstehung neuer Unreinheiten vor. Die innovative\u00a0RetinSphere\u00ae Technologie\u00a0schleust das Vitamin A sanft und ohne unerw\u00fcnschte Wirkungen in die Haut ein. Vitamin A wirkt einer neuerlichen Verstopfung der Poren entgegen. Die Kombination mit dem gegen Aknekeime wirksamen Komplex\u00a0BIOPEP-15\u00a0ist f\u00fcr die hervorragende [&hellip;]<\/p>\n","protected":false},"featured_media":77870,"template":"","meta":{"_acf_changed":false},"product_brand":[],"product_cat":[292],"product_tag":[],"class_list":{"0":"post-77868","1":"product","2":"type-product","3":"status-publish","4":"has-post-thumbnail","6":"product_cat-b","7":"pa_packungsgroesse-100ml","9":"first","10":"instock","11":"shipping-taxable","12":"purchasable","13":"product-type-simple"},"acf":[],"_links":{"self":[{"href":"https:\/\/www.hirtenberg-apotheke.at\/katalog\/wp-json\/wp\/v2\/product\/77868","targetHints":{"allow":["GET"]}}],"collection":[{"href":"https:\/\/www.hirtenberg-apotheke.at\/katalog\/wp-json\/wp\/v2\/product"}],"about":[{"href":"https:\/\/www.hirtenberg-apotheke.at\/katalog\/wp-json\/wp\/v2\/types\/product"}],"wp:featuredmedia":[{"embeddable":true,"href":"https:\/\/www.hirtenberg-apotheke.at\/katalog\/wp-json\/wp\/v2\/media\/77870"}],"wp:attachment":[{"href":"https:\/\/www.hirtenberg-apotheke.at\/katalog\/wp-json\/wp\/v2\/media?parent=77868"}],"wp:term":[{"taxonomy":"product_brand","embeddable":true,"href":"https:\/\/www.hirtenberg-apotheke.at\/katalog\/wp-json\/wp\/v2\/product_brand?post=77868"},{"taxonomy":"product_cat","embeddable":true,"href":"https:\/\/www.hirtenberg-apotheke.at\/katalog\/wp-json\/wp\/v2\/product_cat?post=77868"},{"taxonomy":"product_tag","embeddable":true,"href":"https:\/\/www.hirtenberg-apotheke.at\/katalog\/wp-json\/wp\/v2\/product_tag?post=77868"}],"curies":[{"name":"wp","href":"https:\/\/api.w.org\/{rel}","templated":true}]}}