{"id":77892,"date":"2025-11-28T02:07:45","date_gmt":"2025-11-28T01:07:45","guid":{"rendered":"https:\/\/www.hirtenberg-apotheke.at\/katalog\/produkt\/dermasence-polaneth-shampoo-200-ml\/"},"modified":"2025-11-28T02:08:11","modified_gmt":"2025-11-28T01:08:11","slug":"dermasence-polaneth-shampoo-200-ml","status":"publish","type":"product","link":"https:\/\/www.hirtenberg-apotheke.at\/katalog\/produkt\/dermasence-polaneth-shampoo-200-ml\/","title":{"rendered":"Dermasence Polaneth Shampoo 200 ml"},"content":{"rendered":"<p>Das speziell f\u00fcr sensible Kopfhaut entwickelte Shampoo wirkt beruhigend bei Kopfhautirritationen. Glycerin und Urea pflegen die Kopfhaut und regulieren den Feuchtigkeitsgehalt. Panthenol wirkt als Moisturizer, unterst\u00fctzt die Wundheilung und reguliert Entz\u00fcndungen. Die Anti-Juckreizformel mit Menthol wirkt juckreizlindernd und k\u00fchlt die Kopfhaut. Das Polaneth Shampoo mildert so Juckreiz und Schmerzempfinden bei sensibler Kopfhaut langfristig.<\/p>\n","protected":false},"excerpt":{"rendered":"<p>Das speziell f\u00fcr sensible Kopfhaut entwickelte Shampoo wirkt beruhigend bei Kopfhautirritationen. Glycerin und Urea pflegen die Kopfhaut und regulieren den Feuchtigkeitsgehalt. Panthenol wirkt als Moisturizer, unterst\u00fctzt die Wundheilung und reguliert Entz\u00fcndungen. Die Anti-Juckreizformel mit Menthol wirkt juckreizlindernd und k\u00fchlt die Kopfhaut. Das Polaneth Shampoo mildert so Juckreiz und Schmerzempfinden bei sensibler Kopfhaut langfristig.<\/p>\n","protected":false},"featured_media":77894,"template":"","meta":{"_acf_changed":false},"product_brand":[696],"product_cat":[295],"product_tag":[],"class_list":{"0":"post-77892","1":"product","2":"type-product","3":"status-publish","4":"has-post-thumbnail","6":"product_brand-dermasence","7":"product_cat-d","8":"pa_packungsgroesse-200ml","10":"first","11":"instock","12":"shipping-taxable","13":"purchasable","14":"product-type-simple"},"acf":[],"_links":{"self":[{"href":"https:\/\/www.hirtenberg-apotheke.at\/katalog\/wp-json\/wp\/v2\/product\/77892","targetHints":{"allow":["GET"]}}],"collection":[{"href":"https:\/\/www.hirtenberg-apotheke.at\/katalog\/wp-json\/wp\/v2\/product"}],"about":[{"href":"https:\/\/www.hirtenberg-apotheke.at\/katalog\/wp-json\/wp\/v2\/types\/product"}],"wp:featuredmedia":[{"embeddable":true,"href":"https:\/\/www.hirtenberg-apotheke.at\/katalog\/wp-json\/wp\/v2\/media\/77894"}],"wp:attachment":[{"href":"https:\/\/www.hirtenberg-apotheke.at\/katalog\/wp-json\/wp\/v2\/media?parent=77892"}],"wp:term":[{"taxonomy":"product_brand","embeddable":true,"href":"https:\/\/www.hirtenberg-apotheke.at\/katalog\/wp-json\/wp\/v2\/product_brand?post=77892"},{"taxonomy":"product_cat","embeddable":true,"href":"https:\/\/www.hirtenberg-apotheke.at\/katalog\/wp-json\/wp\/v2\/product_cat?post=77892"},{"taxonomy":"product_tag","embeddable":true,"href":"https:\/\/www.hirtenberg-apotheke.at\/katalog\/wp-json\/wp\/v2\/product_tag?post=77892"}],"curies":[{"name":"wp","href":"https:\/\/api.w.org\/{rel}","templated":true}]}}