{"id":77971,"date":"2025-11-28T02:10:23","date_gmt":"2025-11-28T01:10:23","guid":{"rendered":"https:\/\/www.hirtenberg-apotheke.at\/katalog\/produkt\/eucerin-5-urea-repair-plus-duschschaum-200-ml\/"},"modified":"2025-11-28T02:10:30","modified_gmt":"2025-11-28T01:10:30","slug":"eucerin-5-urea-repair-plus-duschschaum-200-ml","status":"publish","type":"product","link":"https:\/\/www.hirtenberg-apotheke.at\/katalog\/produkt\/eucerin-5-urea-repair-plus-duschschaum-200-ml\/","title":{"rendered":"Eucerin 5% Urea Repair Plus Duschschaum 200 ml"},"content":{"rendered":"<p>Eucerin Urea Repair  Plus Duschschaum ist ein mild-schonender K\u00f6rperreinigungsschaum nit hochvertr\u00e4glichem Duft. Er pflegt und verw\u00f6hnt trockene, raue Haut.<\/p>\n","protected":false},"excerpt":{"rendered":"<p>Eucerin Urea Repair Plus Duschschaum ist ein mild-schonender K\u00f6rperreinigungsschaum nit hochvertr\u00e4glichem Duft. Er pflegt und verw\u00f6hnt trockene, raue Haut.<\/p>\n","protected":false},"featured_media":0,"template":"","meta":{"_acf_changed":false},"product_brand":[694],"product_cat":[307],"product_tag":[],"class_list":{"0":"post-77971","1":"product","2":"type-product","3":"status-publish","5":"product_brand-eucerin","6":"product_cat-e","7":"pa_packungsgroesse-200ml","9":"first","10":"instock","11":"shipping-taxable","12":"purchasable","13":"product-type-simple"},"acf":[],"_links":{"self":[{"href":"https:\/\/www.hirtenberg-apotheke.at\/katalog\/wp-json\/wp\/v2\/product\/77971","targetHints":{"allow":["GET"]}}],"collection":[{"href":"https:\/\/www.hirtenberg-apotheke.at\/katalog\/wp-json\/wp\/v2\/product"}],"about":[{"href":"https:\/\/www.hirtenberg-apotheke.at\/katalog\/wp-json\/wp\/v2\/types\/product"}],"wp:attachment":[{"href":"https:\/\/www.hirtenberg-apotheke.at\/katalog\/wp-json\/wp\/v2\/media?parent=77971"}],"wp:term":[{"taxonomy":"product_brand","embeddable":true,"href":"https:\/\/www.hirtenberg-apotheke.at\/katalog\/wp-json\/wp\/v2\/product_brand?post=77971"},{"taxonomy":"product_cat","embeddable":true,"href":"https:\/\/www.hirtenberg-apotheke.at\/katalog\/wp-json\/wp\/v2\/product_cat?post=77971"},{"taxonomy":"product_tag","embeddable":true,"href":"https:\/\/www.hirtenberg-apotheke.at\/katalog\/wp-json\/wp\/v2\/product_tag?post=77971"}],"curies":[{"name":"wp","href":"https:\/\/api.w.org\/{rel}","templated":true}]}}