{"id":7813,"date":"2025-11-25T13:33:28","date_gmt":"2025-11-25T12:33:28","guid":{"rendered":"https:\/\/www.hirtenberg-apotheke.at\/katalog\/produkt\/ocusan-augentropfen-05ml-in-monodosen\/"},"modified":"2025-11-25T13:34:01","modified_gmt":"2025-11-25T12:34:01","slug":"ocusan-augentropfen-05ml-in-monodosen","status":"publish","type":"product","link":"https:\/\/www.hirtenberg-apotheke.at\/katalog\/produkt\/ocusan-augentropfen-05ml-in-monodosen\/","title":{"rendered":"OCUSAN Augentropfen 0,5ml in Monodosen"},"content":{"rendered":"<p>Ocusan Augentropfen sind ein steriler, konservierungsmittelfreier, viskoelastischer, klarer Schutzschild f\u00fcr die Hornhaut. Sie bestehen ausschlie\u00dflich aus nat\u00fcrlichen, biologischen Substanzen. Ocusan sch\u00fctzt und befeuchtet zudem die Augenoberfl\u00e4che und macht sie gleitf\u00e4hig.<\/p>\n","protected":false},"excerpt":{"rendered":"<p>Ocusan Augentropfen sind ein steriler, konservierungsmittelfreier, viskoelastischer, klarer Schutzschild f\u00fcr die Hornhaut. Sie bestehen ausschlie\u00dflich aus nat\u00fcrlichen, biologischen Substanzen. Ocusan sch\u00fctzt und befeuchtet zudem die Augenoberfl\u00e4che und macht sie gleitf\u00e4hig.<\/p>\n","protected":false},"featured_media":7815,"template":"","meta":{"_acf_changed":false},"product_brand":[],"product_cat":[349],"product_tag":[],"class_list":{"0":"post-7813","1":"product","2":"type-product","3":"status-publish","4":"has-post-thumbnail","6":"product_cat-o","7":"pa_packungsgroesse-20-stueck","9":"first","10":"instock","11":"shipping-taxable","12":"purchasable","13":"product-type-simple"},"acf":[],"_links":{"self":[{"href":"https:\/\/www.hirtenberg-apotheke.at\/katalog\/wp-json\/wp\/v2\/product\/7813","targetHints":{"allow":["GET"]}}],"collection":[{"href":"https:\/\/www.hirtenberg-apotheke.at\/katalog\/wp-json\/wp\/v2\/product"}],"about":[{"href":"https:\/\/www.hirtenberg-apotheke.at\/katalog\/wp-json\/wp\/v2\/types\/product"}],"wp:featuredmedia":[{"embeddable":true,"href":"https:\/\/www.hirtenberg-apotheke.at\/katalog\/wp-json\/wp\/v2\/media\/7815"}],"wp:attachment":[{"href":"https:\/\/www.hirtenberg-apotheke.at\/katalog\/wp-json\/wp\/v2\/media?parent=7813"}],"wp:term":[{"taxonomy":"product_brand","embeddable":true,"href":"https:\/\/www.hirtenberg-apotheke.at\/katalog\/wp-json\/wp\/v2\/product_brand?post=7813"},{"taxonomy":"product_cat","embeddable":true,"href":"https:\/\/www.hirtenberg-apotheke.at\/katalog\/wp-json\/wp\/v2\/product_cat?post=7813"},{"taxonomy":"product_tag","embeddable":true,"href":"https:\/\/www.hirtenberg-apotheke.at\/katalog\/wp-json\/wp\/v2\/product_tag?post=7813"}],"curies":[{"name":"wp","href":"https:\/\/api.w.org\/{rel}","templated":true}]}}