{"id":78160,"date":"2025-11-28T02:16:36","date_gmt":"2025-11-28T01:16:36","guid":{"rendered":"https:\/\/www.hirtenberg-apotheke.at\/katalog\/produkt\/hylo-night-augensalbe\/"},"modified":"2025-11-28T02:16:55","modified_gmt":"2025-11-28T01:16:55","slug":"hylo-night-augensalbe","status":"publish","type":"product","link":"https:\/\/www.hirtenberg-apotheke.at\/katalog\/produkt\/hylo-night-augensalbe\/","title":{"rendered":"Hylo-Night Augensalbe"},"content":{"rendered":"<p>HYLO NIGHT\u00ae Augensalbe bietet intensive Pflege und nachhaltigen Schutz f\u00fcr gereizte, trockene Augen und unterst\u00fctzt den nat\u00fcrlichen Tr\u00e4nenfilm mit Vitamin A. Die geschmeidige Salbe verteilt sich sanft auf der gesamten Augenoberfl\u00e4che, sodass sich Hornhaut und Bindehaut \u00fcber Nacht optimal regenerieren k\u00f6nnen. HYLO NIGHT\u00ae Augensalbe verhindert die Austrocknung der Augenoberfl\u00e4che sowie die Bildung von Verkrustungen im Schlaf. So sind die Augen am n\u00e4chsten Morgen gut erholt und gesch\u00fctzt  \u2013 ab dem ersten Wimpernschlag.<\/p>\n","protected":false},"excerpt":{"rendered":"<p>HYLO NIGHT\u00ae Augensalbe bietet intensive Pflege und nachhaltigen Schutz f\u00fcr gereizte, trockene Augen und unterst\u00fctzt den nat\u00fcrlichen Tr\u00e4nenfilm mit Vitamin A. Die geschmeidige Salbe verteilt sich sanft auf der gesamten Augenoberfl\u00e4che, sodass sich Hornhaut und Bindehaut \u00fcber Nacht optimal regenerieren k\u00f6nnen. HYLO NIGHT\u00ae Augensalbe verhindert die Austrocknung der Augenoberfl\u00e4che sowie die Bildung von Verkrustungen im [&hellip;]<\/p>\n","protected":false},"featured_media":78162,"template":"","meta":{"_acf_changed":false},"product_brand":[377],"product_cat":[330],"product_tag":[],"class_list":{"0":"post-78160","1":"product","2":"type-product","3":"status-publish","4":"has-post-thumbnail","6":"product_brand-hylo","7":"product_cat-h","8":"pa_packungsgroesse-5g","10":"first","11":"instock","12":"shipping-taxable","13":"purchasable","14":"product-type-simple"},"acf":[],"_links":{"self":[{"href":"https:\/\/www.hirtenberg-apotheke.at\/katalog\/wp-json\/wp\/v2\/product\/78160","targetHints":{"allow":["GET"]}}],"collection":[{"href":"https:\/\/www.hirtenberg-apotheke.at\/katalog\/wp-json\/wp\/v2\/product"}],"about":[{"href":"https:\/\/www.hirtenberg-apotheke.at\/katalog\/wp-json\/wp\/v2\/types\/product"}],"wp:featuredmedia":[{"embeddable":true,"href":"https:\/\/www.hirtenberg-apotheke.at\/katalog\/wp-json\/wp\/v2\/media\/78162"}],"wp:attachment":[{"href":"https:\/\/www.hirtenberg-apotheke.at\/katalog\/wp-json\/wp\/v2\/media?parent=78160"}],"wp:term":[{"taxonomy":"product_brand","embeddable":true,"href":"https:\/\/www.hirtenberg-apotheke.at\/katalog\/wp-json\/wp\/v2\/product_brand?post=78160"},{"taxonomy":"product_cat","embeddable":true,"href":"https:\/\/www.hirtenberg-apotheke.at\/katalog\/wp-json\/wp\/v2\/product_cat?post=78160"},{"taxonomy":"product_tag","embeddable":true,"href":"https:\/\/www.hirtenberg-apotheke.at\/katalog\/wp-json\/wp\/v2\/product_tag?post=78160"}],"curies":[{"name":"wp","href":"https:\/\/api.w.org\/{rel}","templated":true}]}}