{"id":78305,"date":"2025-11-28T02:21:52","date_gmt":"2025-11-28T01:21:52","guid":{"rendered":"https:\/\/www.hirtenberg-apotheke.at\/katalog\/produkt\/la-roche-posay-hyalu-b5-reichhaltige-pflegecreme-40-ml\/"},"modified":"2025-11-28T02:22:06","modified_gmt":"2025-11-28T01:22:06","slug":"la-roche-posay-hyalu-b5-reichhaltige-pflegecreme-40-ml","status":"publish","type":"product","link":"https:\/\/www.hirtenberg-apotheke.at\/katalog\/produkt\/la-roche-posay-hyalu-b5-reichhaltige-pflegecreme-40-ml\/","title":{"rendered":"La Roche-Posay Hyalu B5 reichhaltige Pflegecreme 40 ml"},"content":{"rendered":"<p>Die La Roche-Posay Hyalu B5 reichhaltige Pflegecreme ist eine intensiv beruhigende Anti-Falten-Creme, die der Haut langanhaltende Feuchtigkeit schenkt. Die Pflege polstert die Haut sp\u00fcrbar auf, verbessert ihre nat\u00fcrliche Spannkraft und ist auch f\u00fcr empfindliche Haut geeignet.<\/p>\n","protected":false},"excerpt":{"rendered":"<p>Die La Roche-Posay Hyalu B5 reichhaltige Pflegecreme ist eine intensiv beruhigende Anti-Falten-Creme, die der Haut langanhaltende Feuchtigkeit schenkt. Die Pflege polstert die Haut sp\u00fcrbar auf, verbessert ihre nat\u00fcrliche Spannkraft und ist auch f\u00fcr empfindliche Haut geeignet.<\/p>\n","protected":false},"featured_media":0,"template":"","meta":{"_acf_changed":false},"product_brand":[692],"product_cat":[317],"product_tag":[],"class_list":{"0":"post-78305","1":"product","2":"type-product","3":"status-publish","5":"product_brand-la-roche-posay","6":"product_cat-l","7":"pa_packungsgroesse-40ml","9":"first","10":"instock","11":"shipping-taxable","12":"purchasable","13":"product-type-simple"},"acf":[],"_links":{"self":[{"href":"https:\/\/www.hirtenberg-apotheke.at\/katalog\/wp-json\/wp\/v2\/product\/78305","targetHints":{"allow":["GET"]}}],"collection":[{"href":"https:\/\/www.hirtenberg-apotheke.at\/katalog\/wp-json\/wp\/v2\/product"}],"about":[{"href":"https:\/\/www.hirtenberg-apotheke.at\/katalog\/wp-json\/wp\/v2\/types\/product"}],"wp:attachment":[{"href":"https:\/\/www.hirtenberg-apotheke.at\/katalog\/wp-json\/wp\/v2\/media?parent=78305"}],"wp:term":[{"taxonomy":"product_brand","embeddable":true,"href":"https:\/\/www.hirtenberg-apotheke.at\/katalog\/wp-json\/wp\/v2\/product_brand?post=78305"},{"taxonomy":"product_cat","embeddable":true,"href":"https:\/\/www.hirtenberg-apotheke.at\/katalog\/wp-json\/wp\/v2\/product_cat?post=78305"},{"taxonomy":"product_tag","embeddable":true,"href":"https:\/\/www.hirtenberg-apotheke.at\/katalog\/wp-json\/wp\/v2\/product_tag?post=78305"}],"curies":[{"name":"wp","href":"https:\/\/api.w.org\/{rel}","templated":true}]}}