{"id":78394,"date":"2025-11-28T02:23:51","date_gmt":"2025-11-28T01:23:51","guid":{"rendered":"https:\/\/www.hirtenberg-apotheke.at\/katalog\/produkt\/la-roche-posay-cicaplast-baume-b5-100-ml\/"},"modified":"2025-11-28T02:24:09","modified_gmt":"2025-11-28T01:24:09","slug":"la-roche-posay-cicaplast-baume-b5-100-ml","status":"publish","type":"product","link":"https:\/\/www.hirtenberg-apotheke.at\/katalog\/produkt\/la-roche-posay-cicaplast-baume-b5-100-ml\/","title":{"rendered":"La Roche-Posay Cicaplast Baume B5 100 ml"},"content":{"rendered":"<p>La Roche-Posay Cicaplast Baume B5 mit hautberuhigendem Thermalwasser regt die Bildung neuer Hautzellen an durch 5 % Panthenol, Madecassoside und einem anti-baktieriellen Komplex aus Kupfer, Zink und Mangan. Panthenol wirkt entz\u00fcndungslindernd, beruhigend und reduziert Juckreiz und Spannungsgef\u00fchle auf der Haut. Dank Madecassosiden wird die optimale Regeneration der Haut beg\u00fcnstigt.<\/p>\n","protected":false},"excerpt":{"rendered":"<p>La Roche-Posay Cicaplast Baume B5 mit hautberuhigendem Thermalwasser regt die Bildung neuer Hautzellen an durch 5 % Panthenol, Madecassoside und einem anti-baktieriellen Komplex aus Kupfer, Zink und Mangan. Panthenol wirkt entz\u00fcndungslindernd, beruhigend und reduziert Juckreiz und Spannungsgef\u00fchle auf der Haut. Dank Madecassosiden wird die optimale Regeneration der Haut beg\u00fcnstigt.<\/p>\n","protected":false},"featured_media":78396,"template":"","meta":{"_acf_changed":false},"product_brand":[692],"product_cat":[317],"product_tag":[],"class_list":{"0":"post-78394","1":"product","2":"type-product","3":"status-publish","4":"has-post-thumbnail","6":"product_brand-la-roche-posay","7":"product_cat-l","8":"pa_packungsgroesse-100ml","10":"first","11":"instock","12":"shipping-taxable","13":"purchasable","14":"product-type-simple"},"acf":[],"_links":{"self":[{"href":"https:\/\/www.hirtenberg-apotheke.at\/katalog\/wp-json\/wp\/v2\/product\/78394","targetHints":{"allow":["GET"]}}],"collection":[{"href":"https:\/\/www.hirtenberg-apotheke.at\/katalog\/wp-json\/wp\/v2\/product"}],"about":[{"href":"https:\/\/www.hirtenberg-apotheke.at\/katalog\/wp-json\/wp\/v2\/types\/product"}],"wp:featuredmedia":[{"embeddable":true,"href":"https:\/\/www.hirtenberg-apotheke.at\/katalog\/wp-json\/wp\/v2\/media\/78396"}],"wp:attachment":[{"href":"https:\/\/www.hirtenberg-apotheke.at\/katalog\/wp-json\/wp\/v2\/media?parent=78394"}],"wp:term":[{"taxonomy":"product_brand","embeddable":true,"href":"https:\/\/www.hirtenberg-apotheke.at\/katalog\/wp-json\/wp\/v2\/product_brand?post=78394"},{"taxonomy":"product_cat","embeddable":true,"href":"https:\/\/www.hirtenberg-apotheke.at\/katalog\/wp-json\/wp\/v2\/product_cat?post=78394"},{"taxonomy":"product_tag","embeddable":true,"href":"https:\/\/www.hirtenberg-apotheke.at\/katalog\/wp-json\/wp\/v2\/product_tag?post=78394"}],"curies":[{"name":"wp","href":"https:\/\/api.w.org\/{rel}","templated":true}]}}