{"id":78576,"date":"2025-11-28T02:27:54","date_gmt":"2025-11-28T01:27:54","guid":{"rendered":"https:\/\/www.hirtenberg-apotheke.at\/katalog\/produkt\/biobene-immun-power-complex-kapseln-30-stk\/"},"modified":"2025-11-28T02:28:06","modified_gmt":"2025-11-28T01:28:06","slug":"biobene-immun-power-complex-kapseln-30-stk","status":"publish","type":"product","link":"https:\/\/www.hirtenberg-apotheke.at\/katalog\/produkt\/biobene-immun-power-complex-kapseln-30-stk\/","title":{"rendered":"Biobene Immun Power Complex Kapseln 30 Stk."},"content":{"rendered":"<p>Biobene Immun Power Complex ist eine wichtige ern\u00e4hrungsphysiologische Erg\u00e4nzung f\u00fcr den Erhalt eines leistungsf\u00e4higen Abwehrsystems! Ihr Immunsystem entdeckt und eliminiert Bakterien, Viren und Parasiten. Auch zellsch\u00e4digende Radikale stellen eine st\u00e4ndige Herausforderung dar und werden durch die moderne Lebensweise mit Einfl\u00fcssen wie Stress, Schlafmangel, Umweltgiften, Rauchen, zuviel oder gar kein Sport zu einer Belastungsprobe f\u00fcr Ihr Immunsystem. Biobene Immun Power Complex  ist eine innovative Kombination aus Vitamin C (PureWay-C\u2122), Zink, Cistus, Holunder und Quercetin und bedeutet aktive Unterst\u00fctzung f\u00fcr Ihr flexibles Immunsystem und Ihr Wohlbefinden in herausfordernden Zeiten!<\/p>\n","protected":false},"excerpt":{"rendered":"<p>Biobene Immun Power Complex ist eine wichtige ern\u00e4hrungsphysiologische Erg\u00e4nzung f\u00fcr den Erhalt eines leistungsf\u00e4higen Abwehrsystems! Ihr Immunsystem entdeckt und eliminiert Bakterien, Viren und Parasiten. Auch zellsch\u00e4digende Radikale stellen eine st\u00e4ndige Herausforderung dar und werden durch die moderne Lebensweise mit Einfl\u00fcssen wie Stress, Schlafmangel, Umweltgiften, Rauchen, zuviel oder gar kein Sport zu einer Belastungsprobe f\u00fcr Ihr [&hellip;]<\/p>\n","protected":false},"featured_media":78578,"template":"","meta":{"_acf_changed":false},"product_brand":[],"product_cat":[292],"product_tag":[],"class_list":{"0":"post-78576","1":"product","2":"type-product","3":"status-publish","4":"has-post-thumbnail","6":"product_cat-b","7":"pa_packungsgroesse-30-stueck","9":"first","10":"instock","11":"shipping-taxable","12":"purchasable","13":"product-type-simple"},"acf":[],"_links":{"self":[{"href":"https:\/\/www.hirtenberg-apotheke.at\/katalog\/wp-json\/wp\/v2\/product\/78576","targetHints":{"allow":["GET"]}}],"collection":[{"href":"https:\/\/www.hirtenberg-apotheke.at\/katalog\/wp-json\/wp\/v2\/product"}],"about":[{"href":"https:\/\/www.hirtenberg-apotheke.at\/katalog\/wp-json\/wp\/v2\/types\/product"}],"wp:featuredmedia":[{"embeddable":true,"href":"https:\/\/www.hirtenberg-apotheke.at\/katalog\/wp-json\/wp\/v2\/media\/78578"}],"wp:attachment":[{"href":"https:\/\/www.hirtenberg-apotheke.at\/katalog\/wp-json\/wp\/v2\/media?parent=78576"}],"wp:term":[{"taxonomy":"product_brand","embeddable":true,"href":"https:\/\/www.hirtenberg-apotheke.at\/katalog\/wp-json\/wp\/v2\/product_brand?post=78576"},{"taxonomy":"product_cat","embeddable":true,"href":"https:\/\/www.hirtenberg-apotheke.at\/katalog\/wp-json\/wp\/v2\/product_cat?post=78576"},{"taxonomy":"product_tag","embeddable":true,"href":"https:\/\/www.hirtenberg-apotheke.at\/katalog\/wp-json\/wp\/v2\/product_tag?post=78576"}],"curies":[{"name":"wp","href":"https:\/\/api.w.org\/{rel}","templated":true}]}}