{"id":78846,"date":"2025-11-28T02:34:55","date_gmt":"2025-11-28T01:34:55","guid":{"rendered":"https:\/\/www.hirtenberg-apotheke.at\/katalog\/produkt\/madara-derma-collagen-hydra-silk-firming-cream\/"},"modified":"2025-11-28T02:35:01","modified_gmt":"2025-11-28T01:35:01","slug":"madara-derma-collagen-hydra-silk-firming-cream","status":"publish","type":"product","link":"https:\/\/www.hirtenberg-apotheke.at\/katalog\/produkt\/madara-derma-collagen-hydra-silk-firming-cream\/","title":{"rendered":"Madara Derma Collagen Hydra-Silk Firming Cream"},"content":{"rendered":"<p>Diese Formulierung mit biotechnologisch gewonnenen nat\u00fcrlichen Peptiden, Mikroalgen und Hyalurons\u00e4ure erlaubt dieser ultra-seidigen Creme, die Haut intensiv mit Feuchtigkeit zu versorgen und gleichzeitig die Kollagene der Haut zu sch\u00fctzen und unterst\u00fctzen. L\u00e4dt die Haut mit essentiellen Proteinen und Aminos\u00e4uren auf und st\u00e4rkt so die extrazellul\u00e4re Matrix der Haut.Reduziert die Erscheinung von Linien und Falten und sorgt f\u00fcr einen glatteren, pralleren und jugendlich strahlenden Look. Die leichte Textur verw\u00f6hnt und gl\u00e4ttet die Haut, macht sie weich und geschmeidig.<\/p>\n","protected":false},"excerpt":{"rendered":"<p>Diese Formulierung mit biotechnologisch gewonnenen nat\u00fcrlichen Peptiden, Mikroalgen und Hyalurons\u00e4ure erlaubt dieser ultra-seidigen Creme, die Haut intensiv mit Feuchtigkeit zu versorgen und gleichzeitig die Kollagene der Haut zu sch\u00fctzen und unterst\u00fctzen. L\u00e4dt die Haut mit essentiellen Proteinen und Aminos\u00e4uren auf und st\u00e4rkt so die extrazellul\u00e4re Matrix der Haut.Reduziert die Erscheinung von Linien und Falten und [&hellip;]<\/p>\n","protected":false},"featured_media":78848,"template":"","meta":{"_acf_changed":false},"product_brand":[1240],"product_cat":[308],"product_tag":[],"class_list":{"0":"post-78846","1":"product","2":"type-product","3":"status-publish","4":"has-post-thumbnail","6":"product_brand-madara","7":"product_cat-m","8":"pa_packungsgroesse-50ml","10":"first","11":"instock","12":"shipping-taxable","13":"purchasable","14":"product-type-simple"},"acf":[],"_links":{"self":[{"href":"https:\/\/www.hirtenberg-apotheke.at\/katalog\/wp-json\/wp\/v2\/product\/78846","targetHints":{"allow":["GET"]}}],"collection":[{"href":"https:\/\/www.hirtenberg-apotheke.at\/katalog\/wp-json\/wp\/v2\/product"}],"about":[{"href":"https:\/\/www.hirtenberg-apotheke.at\/katalog\/wp-json\/wp\/v2\/types\/product"}],"wp:featuredmedia":[{"embeddable":true,"href":"https:\/\/www.hirtenberg-apotheke.at\/katalog\/wp-json\/wp\/v2\/media\/78848"}],"wp:attachment":[{"href":"https:\/\/www.hirtenberg-apotheke.at\/katalog\/wp-json\/wp\/v2\/media?parent=78846"}],"wp:term":[{"taxonomy":"product_brand","embeddable":true,"href":"https:\/\/www.hirtenberg-apotheke.at\/katalog\/wp-json\/wp\/v2\/product_brand?post=78846"},{"taxonomy":"product_cat","embeddable":true,"href":"https:\/\/www.hirtenberg-apotheke.at\/katalog\/wp-json\/wp\/v2\/product_cat?post=78846"},{"taxonomy":"product_tag","embeddable":true,"href":"https:\/\/www.hirtenberg-apotheke.at\/katalog\/wp-json\/wp\/v2\/product_tag?post=78846"}],"curies":[{"name":"wp","href":"https:\/\/api.w.org\/{rel}","templated":true}]}}