{"id":78994,"date":"2025-11-28T02:37:16","date_gmt":"2025-11-28T01:37:16","guid":{"rendered":"https:\/\/www.hirtenberg-apotheke.at\/katalog\/produkt\/gall-pharma-q10-coenzym-30-mg-kapseln-60-stk\/"},"modified":"2025-11-28T02:37:52","modified_gmt":"2025-11-28T01:37:52","slug":"gall-pharma-q10-coenzym-30-mg-kapseln-60-stk","status":"publish","type":"product","link":"https:\/\/www.hirtenberg-apotheke.at\/katalog\/produkt\/gall-pharma-q10-coenzym-30-mg-kapseln-60-stk\/","title":{"rendered":"Gall Pharma Q10 Coenzym 30 mg Kapseln 60 Stk."},"content":{"rendered":"<p>Gall Pharma Q10 Coenzym 30 mg Kapseln 60 Stk. enthalten 30 mg Coenzym Q-10 in einer Hartgelatinekapsel. Coenzym Q-10 ist das Anti-Aging Mittel schlechthin und wird von jeder Zelle unseres K\u00f6rpers ben\u00f6tigt, um die Energieversorgung sicherzustellen. Q10 aktiviert das Immunsystem, st\u00e4rkt das Herz und die Nerven und steigert sogar die Fettverbrennung.<\/p>\n","protected":false},"excerpt":{"rendered":"<p>Gall Pharma Q10 Coenzym 30 mg Kapseln 60 Stk. enthalten 30 mg Coenzym Q-10 in einer Hartgelatinekapsel. Coenzym Q-10 ist das Anti-Aging Mittel schlechthin und wird von jeder Zelle unseres K\u00f6rpers ben\u00f6tigt, um die Energieversorgung sicherzustellen. Q10 aktiviert das Immunsystem, st\u00e4rkt das Herz und die Nerven und steigert sogar die Fettverbrennung.<\/p>\n","protected":false},"featured_media":0,"template":"","meta":{"_acf_changed":false},"product_brand":[316],"product_cat":[328],"product_tag":[],"class_list":{"0":"post-78994","1":"product","2":"type-product","3":"status-publish","5":"product_brand-gall-pharma","6":"product_cat-g","7":"pa_packungsgroesse-60-stueck","8":"pa_packungsgroesse-120-stueck","9":"pa_packungsgroesse-180-stueck","11":"first","12":"instock","13":"shipping-taxable","14":"purchasable","15":"product-type-variable"},"acf":[],"_links":{"self":[{"href":"https:\/\/www.hirtenberg-apotheke.at\/katalog\/wp-json\/wp\/v2\/product\/78994","targetHints":{"allow":["GET"]}}],"collection":[{"href":"https:\/\/www.hirtenberg-apotheke.at\/katalog\/wp-json\/wp\/v2\/product"}],"about":[{"href":"https:\/\/www.hirtenberg-apotheke.at\/katalog\/wp-json\/wp\/v2\/types\/product"}],"wp:attachment":[{"href":"https:\/\/www.hirtenberg-apotheke.at\/katalog\/wp-json\/wp\/v2\/media?parent=78994"}],"wp:term":[{"taxonomy":"product_brand","embeddable":true,"href":"https:\/\/www.hirtenberg-apotheke.at\/katalog\/wp-json\/wp\/v2\/product_brand?post=78994"},{"taxonomy":"product_cat","embeddable":true,"href":"https:\/\/www.hirtenberg-apotheke.at\/katalog\/wp-json\/wp\/v2\/product_cat?post=78994"},{"taxonomy":"product_tag","embeddable":true,"href":"https:\/\/www.hirtenberg-apotheke.at\/katalog\/wp-json\/wp\/v2\/product_tag?post=78994"}],"curies":[{"name":"wp","href":"https:\/\/api.w.org\/{rel}","templated":true}]}}