{"id":79379,"date":"2025-11-28T09:41:44","date_gmt":"2025-11-28T08:41:44","guid":{"rendered":"https:\/\/www.hirtenberg-apotheke.at\/katalog\/produkt\/la-roche-posay-lipikar-baume-apm-eco-tube-200-ml\/"},"modified":"2025-11-28T09:42:31","modified_gmt":"2025-11-28T08:42:31","slug":"la-roche-posay-lipikar-baume-apm-eco-tube-200-ml","status":"publish","type":"product","link":"https:\/\/www.hirtenberg-apotheke.at\/katalog\/produkt\/la-roche-posay-lipikar-baume-apm-eco-tube-200-ml\/","title":{"rendered":"La Roche-Posay Lipikar Baume AP+M ECO-Tube 200 ml"},"content":{"rendered":"<p>La Roche-Posay Lipikar Baume AP+M ECO-Tube 200 ml hilft der Haut das Mikrobiom wieder ins Gleichgewicht zu bringen \u2013 und ist von nun an in einer innovativen Tube mit Pappanteil erh\u00e4ltlich. Der regenerierende K\u00f6rperbalsam beruhigt die Haut sofort und mildert Juckreiz. Die Formel mit Anti-R\u00fcckfall-Wirkung hat eine angenehme Textur und verschmilzt beim Auftragen mit der Haut. Der Balsam pflegt die Haut und f\u00f6rdert eine widerstandsf\u00e4higere Hautschutzbarriere. Die K\u00f6rperpflege eignet sich f\u00fcr Neugeborene, Kinder und Erwachsene mit sehr trockener, zu Neurodermitis oder Allergien neigender Haut.<\/p>\n","protected":false},"excerpt":{"rendered":"<p>La Roche-Posay Lipikar Baume AP+M ECO-Tube 200 ml hilft der Haut das Mikrobiom wieder ins Gleichgewicht zu bringen \u2013 und ist von nun an in einer innovativen Tube mit Pappanteil erh\u00e4ltlich. Der regenerierende K\u00f6rperbalsam beruhigt die Haut sofort und mildert Juckreiz. Die Formel mit Anti-R\u00fcckfall-Wirkung hat eine angenehme Textur und verschmilzt beim Auftragen mit der [&hellip;]<\/p>\n","protected":false},"featured_media":79381,"template":"","meta":{"_acf_changed":false},"product_brand":[692],"product_cat":[317],"product_tag":[],"class_list":{"0":"post-79379","1":"product","2":"type-product","3":"status-publish","4":"has-post-thumbnail","6":"product_brand-la-roche-posay","7":"product_cat-l","8":"pa_packungsgroesse-200ml","10":"first","11":"instock","12":"shipping-taxable","13":"purchasable","14":"product-type-simple"},"acf":[],"_links":{"self":[{"href":"https:\/\/www.hirtenberg-apotheke.at\/katalog\/wp-json\/wp\/v2\/product\/79379","targetHints":{"allow":["GET"]}}],"collection":[{"href":"https:\/\/www.hirtenberg-apotheke.at\/katalog\/wp-json\/wp\/v2\/product"}],"about":[{"href":"https:\/\/www.hirtenberg-apotheke.at\/katalog\/wp-json\/wp\/v2\/types\/product"}],"wp:featuredmedia":[{"embeddable":true,"href":"https:\/\/www.hirtenberg-apotheke.at\/katalog\/wp-json\/wp\/v2\/media\/79381"}],"wp:attachment":[{"href":"https:\/\/www.hirtenberg-apotheke.at\/katalog\/wp-json\/wp\/v2\/media?parent=79379"}],"wp:term":[{"taxonomy":"product_brand","embeddable":true,"href":"https:\/\/www.hirtenberg-apotheke.at\/katalog\/wp-json\/wp\/v2\/product_brand?post=79379"},{"taxonomy":"product_cat","embeddable":true,"href":"https:\/\/www.hirtenberg-apotheke.at\/katalog\/wp-json\/wp\/v2\/product_cat?post=79379"},{"taxonomy":"product_tag","embeddable":true,"href":"https:\/\/www.hirtenberg-apotheke.at\/katalog\/wp-json\/wp\/v2\/product_tag?post=79379"}],"curies":[{"name":"wp","href":"https:\/\/api.w.org\/{rel}","templated":true}]}}