{"id":79547,"date":"2025-11-28T09:44:41","date_gmt":"2025-11-28T08:44:41","guid":{"rendered":"https:\/\/www.hirtenberg-apotheke.at\/katalog\/produkt\/haedensa-zaepfchen-2\/"},"modified":"2025-11-28T09:45:11","modified_gmt":"2025-11-28T08:45:11","slug":"haedensa-zaepfchen-2","status":"publish","type":"product","link":"https:\/\/www.hirtenberg-apotheke.at\/katalog\/produkt\/haedensa-zaepfchen-2\/","title":{"rendered":"H\u00e4densa Z\u00e4pfchen"},"content":{"rendered":"<p>H\u00e4densa Z\u00e4pfchen sind H\u00e4morrhoidalz\u00e4pfchen und werden bei inneren und \u00e4u\u00dferen H\u00e4morrhoiden, Einrissen der Haut sowie Juckreiz im Analbereich angewendet. Sie wirken entz\u00fcndungshemmend, k\u00fchlend, schmerzstillend und antiseptisch.<\/p>\n","protected":false},"excerpt":{"rendered":"<p>H\u00e4densa Z\u00e4pfchen sind H\u00e4morrhoidalz\u00e4pfchen und werden bei inneren und \u00e4u\u00dferen H\u00e4morrhoiden, Einrissen der Haut sowie Juckreiz im Analbereich angewendet. Sie wirken entz\u00fcndungshemmend, k\u00fchlend, schmerzstillend und antiseptisch.<\/p>\n","protected":false},"featured_media":79549,"template":"","meta":{"_acf_changed":false},"product_brand":[461],"product_cat":[330],"product_tag":[],"class_list":{"0":"post-79547","1":"product","2":"type-product","3":"status-publish","4":"has-post-thumbnail","6":"product_brand-haedensa","7":"product_cat-h","8":"pa_packungsgroesse-5-stueck","10":"first","11":"instock","12":"shipping-taxable","13":"purchasable","14":"product-type-simple"},"acf":[],"_links":{"self":[{"href":"https:\/\/www.hirtenberg-apotheke.at\/katalog\/wp-json\/wp\/v2\/product\/79547","targetHints":{"allow":["GET"]}}],"collection":[{"href":"https:\/\/www.hirtenberg-apotheke.at\/katalog\/wp-json\/wp\/v2\/product"}],"about":[{"href":"https:\/\/www.hirtenberg-apotheke.at\/katalog\/wp-json\/wp\/v2\/types\/product"}],"wp:featuredmedia":[{"embeddable":true,"href":"https:\/\/www.hirtenberg-apotheke.at\/katalog\/wp-json\/wp\/v2\/media\/79549"}],"wp:attachment":[{"href":"https:\/\/www.hirtenberg-apotheke.at\/katalog\/wp-json\/wp\/v2\/media?parent=79547"}],"wp:term":[{"taxonomy":"product_brand","embeddable":true,"href":"https:\/\/www.hirtenberg-apotheke.at\/katalog\/wp-json\/wp\/v2\/product_brand?post=79547"},{"taxonomy":"product_cat","embeddable":true,"href":"https:\/\/www.hirtenberg-apotheke.at\/katalog\/wp-json\/wp\/v2\/product_cat?post=79547"},{"taxonomy":"product_tag","embeddable":true,"href":"https:\/\/www.hirtenberg-apotheke.at\/katalog\/wp-json\/wp\/v2\/product_tag?post=79547"}],"curies":[{"name":"wp","href":"https:\/\/api.w.org\/{rel}","templated":true}]}}